{"id":70,"date":"2022-01-31T10:34:50","date_gmt":"2022-01-31T10:34:50","guid":{"rendered":"https:\/\/centers.ulbsibiu.ro\/ccsprise\/?page_id=70"},"modified":"2022-11-17T10:58:40","modified_gmt":"2022-11-17T10:58:40","slug":"projects","status":"publish","type":"page","link":"https:\/\/centers.ulbsibiu.ro\/ccsprise\/projects\/","title":{"rendered":"PROJECTS"},"content":{"rendered":"\n<p><mark style=\"background-color:rgba(0, 0, 0, 0)\" class=\"has-inline-color has-accent-color\"><strong>The Armed Conflict on the Dniester: Political and Social Implications for the Republic of Moldova<\/strong><\/mark><\/p>\n\n\n\n<p>The war on the Dniester, which experienced a phase of military operations between March and August 1992, tragically marked the birth of the state of the Republic of Moldova. Three decades later, resolving the conflict still seems far from a political solution. Reconstructing the facts and de-ideologizing the interpretation of the causes, essence, and consequences of the war remains a difficult task for historians and political scientists, who need additional expertise in various relevant fields such as international law, constitutionalism, geopolitics, strategic studies, security studies, or economic analysis. Unfortunately, sequential research and published memoirs remain partisan, with strong tendencies to provide founding myths to conflicting parties.<\/p>\n\n\n\n<p><a rel=\"noreferrer noopener\" href=\"https:\/\/lact.ro\/\" target=\"_blank\">The Laboratory for Transnistrian Conflict Analysis<\/a>&nbsp;(Lucian Blaga University of Sibiu) and the Balkan History Association&nbsp;invite scholars from all ranks to submit abstracts on topics regarding: 1) the political and geopolitical causes of the war; 2) evaluations of documentary sources and partial analyses; 3) quantitative and qualitative evaluation of the combat forces: level of training; professionalism of the command structures; tactics, weapons, and equipment; 4) the specifics of the organization and action of the paramilitaries; 5) reconstitution of relevant military operations; 6) the interests of international actors and their political and military actions; 7) political\/patriotic capitalization of the facts of war. We encourage applicants to propose their own criteria and use intensive interdisciplinary methodologies<\/p>\n\n\n\n<p>The volume will be published by Peter Lang (in the series \u201c<a rel=\"noreferrer noopener\" href=\"https:\/\/www.peterlang.com\/series\/8728\" target=\"_blank\">South-East European History<\/a>\u201d). Original manuscripts should be prepared following the editorial guide of Peter Lang available on its&nbsp;<a rel=\"noreferrer noopener\" href=\"https:\/\/www.peterlang.com\/for-authors\/\" target=\"_blank\">website<\/a>, especially \u201c<a rel=\"noreferrer noopener\" href=\"https:\/\/www.peterlang.com\/app\/uploads\/2021\/07\/Peter-Lang-Style-Guidelines-British-English.docx\" target=\"_blank\">Style Guidelines \u2013 British English<\/a>\u201d and \u201c<a rel=\"noreferrer noopener\" href=\"https:\/\/www.peterlang.com\/app\/uploads\/2021\/07\/Peter-Lang-Submission-Guidelines.docx\" target=\"_blank\">Submission Guidelines<\/a>\u201c. Manuscripts must not have been published, submitted for publication or available on the internet elsewhere. Interdisciplinary work is particularly welcome. Please submit your proposal, including the title of your manuscript, an abstract (up to 300 words), and an author\u2019s biography (up to 100 words) to all editors. The abstract should include the research question and purpose, the approach and main ideas, and results. No figures, tables, footnotes, or endnotes should be included in the abstract. Articles should not exceed 8,000 words in length including footnotes and references (reference list or bibliography).<\/p>\n\n\n\n<p><strong>Deadlines<\/strong><\/p>\n\n\n\n<ul><li>January 31, 2021: Submit proposals to editors<\/li><li>February 7, 2021: Notification of accepted proposals<\/li><li>May 30, 2022: Receipt of full studies for review<\/li><li>June 30, 2022: Revised studies re-submitted to editors<\/li><li>July 30, 2022: Approved studies delivered to publisher<\/li><\/ul>\n\n\n\n<p><strong>Editors<\/strong><\/p>\n\n\n\n<ul><li><strong>Eugen Str\u0103u\u021biu<\/strong>\u00a0(Laboratory for Transnistrian Conflict Analysis, Lucian Blaga University of Sibiu), eugen.strautiu@centru-ccsprise<\/li><li><strong>Victor Juc<\/strong>\u00a0(Institute of Legal, Political and Sociological Research, Chi\u0219in\u0103u), juc.victor@gmail.com<\/li><li><strong>Steven D. Roper<\/strong>\u00a0(Department of Political Science, Florida Atlantic University), ropers@fau.edu<\/li><li><strong>Dareg Zabarah-Chulak<\/strong>\u00a0(Balkan History Association), dareg@zabarah.de<\/li><li><strong>William E. Crowther<\/strong>\u00a0(University of North Carolina at Greensboro), wecrowth@uncg.edu<\/li><\/ul>\n\n\n\n<p>Web: <a href=\"https:\/\/www.balkan-history.com\/transnistrian-war\/\">CfP: \u201cThe Armed Conflict on the Dniester: Political and Social Implications for the Republic of Moldova\u201d (balkan-history.com)<\/a><\/p>\n\n\n\n<p class=\"has-text-align-center\"><mark style=\"background-color:rgba(0, 0, 0, 0)\" class=\"has-inline-color has-accent-color\"><strong>Romanian Sinology. Authors and Bibliographic Lists<\/strong> \/ <strong><strong>\u7f57\u9a6c\u5c3c\u4e9a\u6c49\u5b66 \u4f5c\u8005\u548c\u4e66\u76ee\u5217\u8868<\/strong><\/strong><\/mark> <\/p>\n\n\n\n<p>Objective:&nbsp;The project aims to describe and explain the general characteristics of Romanian sinology, based on the inventory of scientific bibliography and the prominent personalities who published research works regarding Chinese studies.<\/p>\n\n\n\n<p>Activities:<\/p>\n\n\n\n<p>1. Write bibliographic lists, based on the collection of research works on Chinese studies, on the following categories: research volumes; chapters in books; articles in scientific journals; studies and reports.<\/p>\n\n\n\n<p>2. Create a Dictionary of Romanian Sinologists.<\/p>\n\n\n\n<p>3. Write, edit, and publish the volume &#8220;Romanian Sinology. Authors and Bibliographic Lists &#8221; (author: Eugen Str\u0103u\u021biu)<\/p>\n\n\n\n<p>Project team:&nbsp;<em>Coordinator:<\/em>&nbsp;Eugen Str\u0103u\u021biu;&nbsp;<em>Members:<\/em>&nbsp;Nicoleta Munteanu, Gra\u021bian Lupu,&nbsp;Emilia Tomescu, Andreea Pier\u0219inaru<\/p>\n\n\n\n<p>Deadline&nbsp;for writing, editing, and publishing the volume: July 31st, 2022<\/p>\n\n\n\n<p><\/p>\n\n\n\n<p>\u76ee\u6807<strong>\uff1a<\/strong>\u672c\u9879\u76ee\u65e8\u5728\u6839\u636e\u63d0\u4f9b\u4e2d\u56fd\u7814\u7a76\u4e0d\u540c\u9886\u57df\u7814\u7a76\u5de5\u4f5c\u7684\u79d1\u5b66\u4e66\u76ee\u548c\u5173\u952e\u4eba\u7269\u6765\u63cf\u8ff0\u548c\u89e3\u91ca\u7f57\u9a6c\u5c3c\u4e9a\u6c49\u5b66\u7684\u4e00\u822c\u7279\u5f81\u3002<\/p>\n\n\n\n<p>\u6d3b\u52a8<strong>\uff1a<\/strong><\/p>\n\n\n\n<p>1. \u6839\u636e\u4e2d\u56fd\u7814\u7a76\u4e0d\u540c\u9886\u57df\u7684\u7814\u7a76\u6210\u679c\uff0c\u7f16\u5236\u4e66\u76ee\u6e05\u5355\uff0c\u5206\u7c7b\u5982\u4e0b\uff1a\u7814\u7a76\u91cf\uff1b \u5377\u4e2d\u7684\u7ae0\u8282\uff1b \u79d1\u5b66\u671f\u520a\u4e0a\u7684\u6587\u7ae0\uff1b \u7814\u7a76\u548c\u62a5\u544a\u3002<\/p>\n\n\n\n<p>2.\u521b\u5efa\u7f57\u9a6c\u5c3c\u4e9a\u6c49\u5b66\u5bb6\u8bcd\u5178\u3002<\/p>\n\n\n\n<p>3. \u64b0\u5199\u3001\u7f16\u8f91\u548c\u51fa\u7248\u7f57\u9a6c\u5c3c\u4e9a\u6c49\u5b66\u3002 Eugen Str\u0103u\u021biu \u6240\u8457\u7684&#8221;\u4f5c\u8005\u548c\u4e66\u76ee\u5217\u8868&#8221;\u4e00\u4e66<\/p>\n\n\n\n<p>\u9879\u76ee\u56e2\u961f<strong>\uff1a<\/strong><em>\u534f\u8c03\u5458<\/em><strong>\uff1a<\/strong>Eugen Str\u0103u\u021biu\uff1b&nbsp;<em>\u6210\u5458\uff1a<\/em>Nicoleta Munteanu\u3001Gra\u021bian Lupu\u3001Emilia Tomescu\u3001Andreea Pier\u015finaru<\/p>\n\n\n\n<p>\u64b0\u5199\u3001\u7f16\u8f91\u548c\u51fa\u7248\u672c\u5377\u7684\u622a\u6b62\u65e5\u671f\uff1a2022 \u5e74 7 \u6708 31 \u65e5<\/p>\n\n\n\n<p><\/p>\n\n\n\n<p><\/p>\n\n\n\n<p class=\"has-text-align-center\"><strong><mark style=\"background-color:rgba(0, 0, 0, 0)\" class=\"has-inline-color has-accent-color\">Serviciul de informare bibliografic\u0103&nbsp;\u00een sinologie rom\u00e2neasc\u0103 \/ <strong>Bibliographic Information Service \/\u4e66\u76ee\u4fe1\u606f\u670d\u52a1<\/strong> \u2013 2022<\/mark><\/strong><\/p>\n\n\n\n<p>The Center for Research in Political Science, International Relations and European Studies provides a bibliographic information service for researchers, professors, and students interested in researching China&#8217;s domestic policies and international presence. The service offers two product categories:<\/p>\n\n\n\n<p><strong>1. List of bibliographic titles.<\/strong>&nbsp;Upon request, on a specific topic to be researched, the applicant will receive a list of volume titles, volume chapters, studies, articles, and scientific reports covering, in whole or in part, upon the topic of interest.&nbsp;<\/p>\n\n\n\n<p><strong>2. Full-text research,<\/strong>&nbsp;in the original format in which it was published. For this category, upon request, we will provide (to the extent available in our databases) volumes, scientific journals, chapters in volumes, studies, articles, and scientific reports entirely or partly related to the research topic.&nbsp;<\/p>\n\n\n\n<p>Requests can be sent to the e-mail address: eugen.strautiu@ulbsibiu.ro, indicating the author&#8217;s name, quality (researcher, professor, student, master&#8217;s student, doctoral student), the proposed topic, and the purpose of the research (writing an article\/study\/ volume\/ scientific report, etc.).&nbsp;<\/p>\n\n\n\n<p>The requests will generally be answered within one week since the confirmation of acceptance of the request. The list of bibliographic titles will be drawn up following the editorial rules recommended by the Romanian Academy.<\/p>\n\n\n\n<p>Accessing this service does not involve any price or extra fees.<\/p>\n\n\n\n<p>Researchers and experts of the Center for Research in Political Science, International Relations and European Studies are constantly working to increase the number of bibliographic items that can be made available to research, both in their own projects and in support of other research projects.<\/p>\n\n\n\n<p><strong>Project team:&nbsp;&nbsp;Coordinator<\/strong>: Eugen Str\u0103u\u021biu ;&nbsp;<strong>Members<\/strong>: Nicoleta Munteanu, Gra\u021bian Lupu, Emilia Tomescu, Andreea Pier\u0219inaru<\/p>\n\n\n\n<div class=\"wp-container-69e4001ee9af9 wp-block-group\"><div class=\"wp-block-group__inner-container\">\n<p><\/p>\n\n\n\n<p>\u653f\u6cbb\u5b66\u3001\u56fd\u9645\u5173\u7cfb\u548c\u6b27\u6d32\u7814\u7a76\u4e2d\u5fc3\u4e3a\u7814\u7a76\u4e2d\u56fd\u56fd\u5185\u653f\u7b56\u548c\u56fd\u9645\u5f71\u54cd\u529b\u7684\u7814\u7a76\u4eba\u5458\u3001\u6559\u6388\u548c\u5b66\u751f\u63d0\u4f9b\u4e66\u76ee\u4fe1\u606f\u670d\u52a1\u3002\u8be5\u670d\u52a1\u63d0\u4f9b\u4e24\u79cd\u7c7b\u522b\u7684\u4ea7\u54c1<\/p>\n\n\n\n<p>1.\u4e66\u76ee\u540d\u5f55\u3002\u6839\u636e\u9700\u6c42\uff0c\u5bf9\u4e8e\u8981\u7814\u7a76\u7684\u7279\u5b9a\u4e3b\u9898\uff0c\u7533\u8bf7\u4eba\u5c06\u6536\u5230\u4e00\u4efd\u5b8c\u6574\u6216\u90e8\u5206\u6db5\u76d6\u5176\u611f\u5174\u8da3\u4e3b\u9898\u7684\u5377\u540d\u3001\u5377\u7ae0\u3001\u7814\u7a76\u3001\u6587\u7ae0\u548c\u79d1\u5b66\u62a5\u544a\u7684\u5217\u8868\u3002<\/p>\n\n\n\n<p>2.\u5b8c\u6574\u7684\u7814\u7a76\u62a5\u544a\uff0c\u4ee5\u5176\u53d1\u8868\u65f6\u7684\u539f\u59cb\u683c\u5f0f\u63d0\u4f9b\u3002\u5bf9\u4e8e\u6b64\u7c7b\u62a5\u544a\uff0c\u6211\u4eec\u5c06\u6839\u636e\u9700\u6c42\u63d0\u4f9b\uff08\u5728\u6211\u4eec\u7684\u6570\u636e\u5e93\u4e2d\u6240\u5305\u542b\u7684\uff09\u4e66\u5377\u3001\u79d1\u5b66\u671f\u520a\u3001\u4e66\u7c4d\u4e2d\u7684\u7ae0\u8282\u3001\u7814\u7a76\u3001\u6587\u7ae0\u548c\u79d1\u5b66\u62a5\u544a\uff0c\u5b83\u4eec\u5c06\u5168\u90e8\u6216\u90e8\u5206\u6d89\u53ca\u7533\u8bf7\u4eba\u611f\u5174\u8da3\u7684\u4e3b\u9898\u3002<\/p>\n\n\n\n<p>\u7533\u8bf7\u4eba\u53ef\u53d1\u9001\u90ae\u4ef6\u81f3\uff1aeugen.strautiu@ulbsibiu.ro\uff0c\u8bf7\u6ce8\u660e\u4f5c\u8005\u7684\u59d3\u540d\u3001\u804c\u79f0\uff08\u7814\u7a76\u5458\u3001\u6559\u6388\u3001\u5b66\u751f\u3001\u7855\u58eb\u751f\u3001\u535a\u58eb\u751f\uff09\u3001\u62df\u5b9a\u8bfe\u9898\u3001\u7814\u7a76\u76ee\u7684\uff08\u64b0\u5199\u6587\u7ae0\u3001\u7814\u7a76\u3001\u4e66\u5377\u6216\u79d1\u5b66\u62a5\u544a)\u3002<\/p>\n\n\n\n<p>\u9700\u6c42\u5c06\u5728\u786e\u8ba4\u63a5\u53d7\u5230\u7533\u8bf7\u540e\u4e00\u5468\u5185\u5f97\u5230\u7b54\u590d\u3002\u4e66\u76ee\u540d\u79f0\u5217\u8868\u5c06\u6839\u636e\u7f57\u9a6c\u5c3c\u4e9a\u5b66\u9662\u63a8\u8350\u7684\u7f16\u8f91\u89c4\u5219\u5236\u5b9a\u3002<\/p>\n\n\n\n<p>\u7533\u8bf7\u6b64\u9879\u670d\u52a1\u4e0d\u6d89\u53ca\u4efb\u4f55\u8d39\u7528\u3002<\/p>\n\n\n\n<p>\u653f\u6cbb\u5b66\u3001\u56fd\u9645\u5173\u7cfb\u548c\u6b27\u6d32\u7814\u7a76\u4e2d\u5fc3\u7684\u7814\u7a76\u4eba\u5458\u548c\u4e13\u5bb6\u4e00\u76f4\u5728\u52aa\u529b\u589e\u52a0\u53ef\u4f9b\u7814\u7a76\u7684\u4e66\u76ee\u6570\u91cf\uff0c\u65e0\u8bba\u662f\u7528\u4e8e\u4ed6\u4eec\u81ea\u5df1\u7684\u7814\u7a76\u9879\u76ee\u4e2d\uff0c\u8fd8\u662f\u4e3a\u652f\u6301\u4ed6\u4eba\u7684\u7814\u7a76\u9879\u76ee\u3002<\/p>\n\n\n\n<p>\u9879\u76ee\u56e2\u961f:&nbsp;\u534f\u8c03\u5458\uff1aEugen Str\u0103u\u021biu ;&nbsp;&nbsp;\u6210\u5458\uff1a&nbsp;Nicoleta Munteanu\u3001Gra\u021bian Lupu\u3001Emilia Tomescu\u3001Andreea Pier\u015finaru<\/p>\n\n\n\n<p><\/p>\n<\/div><\/div>\n\n\n\n<p class=\"has-text-align-center\"><strong><mark style=\"background-color:rgba(0, 0, 0, 0)\" class=\"has-inline-color has-accent-color\">Serviciul de informare bibliografic\u0103&nbsp;\u00een problema transnistrean\u0103 \u2013 2020<\/mark><\/strong><\/p>\n\n\n\n<p>Web: <a href=\"https:\/\/lact.ro\/lact-inaugureaza-un-serviciu-de-informare-bibliografica\/\">LACT INAUGUREAZ\u0102 UN SERVICIU DE INFORMARE BIBLIOGRAFIC\u0102 \/ LACT OPENS A BIBLIOGRAPHICAL INFORMATION SERVICE \/ LACT \u041e\u0422\u041a\u0420\u042b\u0412\u0410\u0415\u0422 \u0421\u041f\u0420\u0410\u0412\u041e\u0427\u041d\u041e-\u0411\u0418\u0411\u041b\u0418\u041e\u0413\u0420\u0410\u0424\u0418\u0427\u0415\u0421\u041a\u0423\u042e \u0421\u041b\u0423\u0416\u0411\u0423 \u2013 Laboratorul pentru Analiza Conflictului Transnistrean<\/a><\/p>\n\n\n\n<p><\/p>\n\n\n\n<p><\/p>\n\n\n\n<p class=\"has-text-align-center\"><strong><mark style=\"background-color:rgba(0, 0, 0, 0)\" class=\"has-inline-color has-accent-color\">Repertorizarea surselor bibliografice \u0219tiin\u021bifice referitoare la conflictul transnistrean&nbsp;\u2013 2019<\/mark><\/strong><\/p>\n\n\n\n<p>Web: <a href=\"https:\/\/lact.ro\/proiect-lact-repertorizarea-surselor-bibliografice-stiintifice-referitoare-la-conflictul-transnistrean\/\">Proiect LACT: Repertorizarea surselor bibliografice \u0219tiin\u021bifice referitoare la conflictul transnistrean \u2013 Laboratorul pentru Analiza Conflictului Transnistrean<\/a><\/p>\n\n\n\n<p><\/p>\n\n\n\n<p><\/p>\n\n\n\n<p class=\"has-text-align-center\"><strong><mark style=\"background-color:rgba(0, 0, 0, 0)\" class=\"has-inline-color has-accent-color\">Noaptea cercet\u0103torilor &#8211; 2018<\/mark><\/strong><\/p>\n\n\n\n<p>Web: <a href=\"https:\/\/lact.ro\/lact-a-fost-prezent-in-noaptea-cercetatorilor\/\">LACT a fost prezent \u00een \u201eNoaptea Cercet\u0103torilor\u201d \u2013 Laboratorul pentru Analiza Conflictului Transnistrean<\/a><\/p>\n\n\n\n<p><\/p>\n\n\n\n<p><\/p>\n\n\n\n<p class=\"has-text-align-center\"><strong><mark style=\"background-color:rgba(0, 0, 0, 0)\" class=\"has-inline-color has-accent-color\">Dosarele conflictului transnistrean&nbsp;\u2013 2016 \/ 2017<\/mark><\/strong><\/p>\n\n\n\n<p>Web: <a href=\"https:\/\/lact.ro\/proiectul-dosarele-conflictului-transnistrean-solutii-pentru-dezvoltarea-societatii-pe-cele-doua-maluri-ale-nistrului\/\">Proiectul \u201eDosarele conflictului transnistrean \u2013 solu\u021bii pentru dezvoltarea societ\u0103\u021bii pe cele dou\u0103 maluri ale Nistrului\u201d \u2013 Laboratorul pentru Analiza Conflictului Transnistrean (lact.ro)<\/a><\/p>\n\n\n\n<p><\/p>\n\n\n\n<p><\/p>\n\n\n\n<p class=\"has-text-align-center\"><strong><mark style=\"background-color:rgba(0, 0, 0, 0)\" class=\"has-inline-color has-accent-color\">Dialogurile Laboratorului pentru Analiza Conflictului Transnistrean&nbsp;\u2013 2015<\/mark><\/strong><\/p>\n\n\n\n<p>Web: <a href=\"https:\/\/lact.ro\/dialogurile-lact-2\/\">DIALOGURILE LACT \u2013 Laboratorul pentru Analiza Conflictului Transnistrean<\/a><\/p>\n\n\n\n<p><\/p>\n\n\n\n<p><\/p>\n\n\n\n<p class=\"has-text-align-center\"><strong><mark style=\"background-color:rgba(0, 0, 0, 0)\" class=\"has-inline-color has-accent-color\">Dezvoltarea ca solu\u021bie a conflictului transnistrean&nbsp;\u2013 2014\/2015<\/mark><\/strong><\/p>\n\n\n\n<p>Web: <a href=\"https:\/\/lact.ro\/proiectul-dezvoltarea-ca-solutie-a-conflictului-transnistrean\/\">PROIECTUL \u201eDEZVOLTAREA CA SOLU\u021aIE A CONFLICTULUI TRANSNISTREAN\u201d \u2013 Laboratorul pentru Analiza Conflictului Transnistrean (lact.ro)<\/a><\/p>\n\n\n\n<p><\/p>\n\n\n\n<p><\/p>\n\n\n\n<p class=\"has-text-align-center\"><strong><mark style=\"background-color:rgba(0, 0, 0, 0)\" class=\"has-inline-color has-accent-color\">\u0218coala de var\u0103 \u201eGrafia latin\u0103 \u00een spa\u021biul cultural rom\u00e2nesc\u201d&nbsp;\u2013 2014<\/mark><\/strong><\/p>\n\n\n\n<p>Web: <a href=\"https:\/\/lact.ro\/scoala-de-vara-grafia-latina-in-spatiul-cultural-romanesc\/\">\u0218COALA DE VAR\u0102 \u201eGRAFIA LATIN\u0102 \u00ceN SPA\u021aIUL CULTURAL ROM\u00c2NESC\u201d \u2013 Laboratorul pentru Analiza Conflictului Transnistrean (lact.ro)<\/a><\/p>\n\n\n\n<p><\/p>\n\n\n\n<p><\/p>\n\n\n\n<p class=\"has-text-align-center\"><strong><mark style=\"background-color:rgba(0, 0, 0, 0)\" class=\"has-inline-color has-accent-color\">Resurse transnistrene online &#8211; 2013<\/mark><\/strong><\/p>\n\n\n\n<p><a href=\"https:\/\/lact.ro\/resurse-transnistrene-online-2\/\">RESURSE TRANSNISTRENE ONLINE \u2013 Laboratorul pentru Analiza Conflictului Transnistrean (lact.ro)<\/a><\/p>\n\n\n\n<p><\/p>\n\n\n\n<p><\/p>\n\n\n\n<p class=\"has-text-align-center\"><strong><mark style=\"background-color:rgba(0, 0, 0, 0)\" class=\"has-inline-color has-accent-color\">Repertorizarea mediului asociativ din jude\u021bul Sibiu&nbsp;\u2013 2012<\/mark><\/strong><\/p>\n\n\n\n<p>Web: <a href=\"http:\/\/cacheprod.bcub.ro\/webopac\/FullBB.csp?WebAction=ShowFullBB&amp;RequestId=934288_1&amp;Profile=Default&amp;OpacLanguage=rum&amp;NumberToRetrieve=50&amp;StartValue=3&amp;WebPageNr=1&amp;SearchTerm1=.2.687372&amp;SearchT1=&amp;Index1=Uindex04&amp;SearchMethod=Find_1&amp;ItemNr=3\">cacheprod.bcub.ro\/webopac\/FullBB.csp?WebAction=ShowFullBB&amp;RequestId=934288_1&amp;Profile=Default&amp;OpacLanguage=rum&amp;NumberToRetrieve=50&amp;StartValue=3&amp;WebPageNr=1&amp;SearchTerm1=.2.687372&amp;SearchT1=&amp;Index1=Uindex04&amp;SearchMethod=Find_1&amp;ItemNr=3<\/a><\/p>\n\n\n\n<p><\/p>\n\n\n\n<p><\/p>\n\n\n\n<p class=\"has-text-align-center\"><strong><mark style=\"background-color:rgba(0, 0, 0, 0)\" class=\"has-inline-color has-accent-color\">Politici \u0219i programe de mediu \u00een Rom\u00e2nia \u0219i \u00een lume&nbsp;\u2013 2010\/2011<\/mark><\/strong><\/p>\n\n\n\n<p>Web: <a href=\"https:\/\/www.tribuna.ro\/stiri\/actualitate\/-69304.html\">Politici \u015fi programe de mediu \u00een Rom\u00e2nia \u015fi \u00een lume | Actualitate | Tribuna<\/a><\/p>\n","protected":false},"excerpt":{"rendered":"<p>The Armed Conflict on the Dniester: Political and Social Implications for the Republic of Moldova The war on the Dniester, which experienced a phase of military operations between March and August 1992, tragically marked the birth of the state of the Republic of Moldova. Three decades later, resolving the conflict still seems far from a [&hellip;]<\/p>\n","protected":false},"author":1,"featured_media":0,"parent":0,"menu_order":0,"comment_status":"closed","ping_status":"closed","template":"","meta":[],"_links":{"self":[{"href":"https:\/\/centers.ulbsibiu.ro\/ccsprise\/wp-json\/wp\/v2\/pages\/70"}],"collection":[{"href":"https:\/\/centers.ulbsibiu.ro\/ccsprise\/wp-json\/wp\/v2\/pages"}],"about":[{"href":"https:\/\/centers.ulbsibiu.ro\/ccsprise\/wp-json\/wp\/v2\/types\/page"}],"author":[{"embeddable":true,"href":"https:\/\/centers.ulbsibiu.ro\/ccsprise\/wp-json\/wp\/v2\/users\/1"}],"replies":[{"embeddable":true,"href":"https:\/\/centers.ulbsibiu.ro\/ccsprise\/wp-json\/wp\/v2\/comments?post=70"}],"version-history":[{"count":8,"href":"https:\/\/centers.ulbsibiu.ro\/ccsprise\/wp-json\/wp\/v2\/pages\/70\/revisions"}],"predecessor-version":[{"id":191,"href":"https:\/\/centers.ulbsibiu.ro\/ccsprise\/wp-json\/wp\/v2\/pages\/70\/revisions\/191"}],"wp:attachment":[{"href":"https:\/\/centers.ulbsibiu.ro\/ccsprise\/wp-json\/wp\/v2\/media?parent=70"}],"curies":[{"name":"wp","href":"https:\/\/api.w.org\/{rel}","templated":true}]}}