{"id":66,"date":"2022-01-31T10:34:22","date_gmt":"2022-01-31T10:34:22","guid":{"rendered":"https:\/\/centers.ulbsibiu.ro\/ccsprise\/?page_id=66"},"modified":"2023-09-03T12:17:36","modified_gmt":"2023-09-03T12:17:36","slug":"volumes","status":"publish","type":"page","link":"https:\/\/centers.ulbsibiu.ro\/ccsprise\/volumes\/","title":{"rendered":"VOLUMES"},"content":{"rendered":"\n<p><strong>Eugen Str\u0103u\u021biu<\/strong> (Volume editor), Steven D. Roper (Editor), William E. Crowther (Editor), Dareg Zabarah-Chulak (Editor), Victor Juc (Editor), and Robert E. Hamilton (Editor), \u201eThe Armed Conflict of the Dniester. Three Decades Later\u201d, Peter Lang &#8211; New York, Bern, Berlin, Bruxelles, Oxford, Wien, 2023. VIIII, 254 pp.<\/p>\n\n\n\n<figure class=\"wp-block-image size-full\"><img loading=\"lazy\" width=\"668\" height=\"1000\" src=\"https:\/\/centers.ulbsibiu.ro\/ccsprise\/wp-content\/uploads\/image.png\" alt=\"\" class=\"wp-image-334\" srcset=\"https:\/\/centers.ulbsibiu.ro\/ccsprise\/wp-content\/uploads\/image.png 668w, https:\/\/centers.ulbsibiu.ro\/ccsprise\/wp-content\/uploads\/image-200x300.png 200w\" sizes=\"(max-width: 668px) 100vw, 668px\" \/><\/figure>\n\n\n\n<p><strong>Eugen Str\u0103u\u021biu, <\/strong>Sinologia rom\u00e2neasc\u0103. Autori \u0219i liste bibliografice (The Romanian Sinology. Authors and Bibliographic Lists)<strong>, Editura Technomedia, Sibiu, 202<\/strong>2<\/p>\n\n\n\n<figure class=\"wp-block-image size-large\"><img loading=\"lazy\" width=\"1024\" height=\"716\" src=\"https:\/\/centers.ulbsibiu.ro\/ccsprise\/wp-content\/uploads\/COPERTA-SINOLOGIA-1024x716.jpg\" alt=\"\" class=\"wp-image-187\" srcset=\"https:\/\/centers.ulbsibiu.ro\/ccsprise\/wp-content\/uploads\/COPERTA-SINOLOGIA-1024x716.jpg 1024w, https:\/\/centers.ulbsibiu.ro\/ccsprise\/wp-content\/uploads\/COPERTA-SINOLOGIA-300x210.jpg 300w, https:\/\/centers.ulbsibiu.ro\/ccsprise\/wp-content\/uploads\/COPERTA-SINOLOGIA-768x537.jpg 768w, https:\/\/centers.ulbsibiu.ro\/ccsprise\/wp-content\/uploads\/COPERTA-SINOLOGIA-1536x1074.jpg 1536w, https:\/\/centers.ulbsibiu.ro\/ccsprise\/wp-content\/uploads\/COPERTA-SINOLOGIA-2048x1432.jpg 2048w, https:\/\/centers.ulbsibiu.ro\/ccsprise\/wp-content\/uploads\/COPERTA-SINOLOGIA-1200x839.jpg 1200w, https:\/\/centers.ulbsibiu.ro\/ccsprise\/wp-content\/uploads\/COPERTA-SINOLOGIA-1980x1385.jpg 1980w\" sizes=\"(max-width: 1024px) 100vw, 1024px\" \/><\/figure>\n\n\n\n<p><strong>Alin Gvidiani, Documente \u0219i acte normative referitoare la procesul de reglementare transnistrean\u0103, Editura Technomedia, Sibiu, 2020<\/strong><\/p>\n\n\n\n<figure class=\"wp-block-image size-full\"><img loading=\"lazy\" width=\"1024\" height=\"706\" src=\"https:\/\/centers.ulbsibiu.ro\/ccsprise\/wp-content\/uploads\/gvidiani.jpg\" alt=\"\" class=\"wp-image-89\" srcset=\"https:\/\/centers.ulbsibiu.ro\/ccsprise\/wp-content\/uploads\/gvidiani.jpg 1024w, https:\/\/centers.ulbsibiu.ro\/ccsprise\/wp-content\/uploads\/gvidiani-300x207.jpg 300w, https:\/\/centers.ulbsibiu.ro\/ccsprise\/wp-content\/uploads\/gvidiani-768x530.jpg 768w\" sizes=\"(max-width: 1024px) 100vw, 1024px\" \/><\/figure>\n\n\n\n<p><strong>Drago\u0219 Dragoman, Sabina-Adina Luca, Bogdan Gheorghi\u021b\u0103 (Eds.), Politics &amp; Society. East Central Europe &#8211; Thirty Years following the End of Communism,<\/strong> <strong>Perspectives on Democracy and Governance in the 21st Century, \u201dLucian Blaga\u201d University Press, Sibiu, 2020<\/strong><\/p>\n\n\n\n<figure class=\"wp-block-image size-large\"><img loading=\"lazy\" width=\"742\" height=\"1024\" src=\"https:\/\/centers.ulbsibiu.ro\/ccsprise\/wp-content\/uploads\/2020-742x1024.jpg\" alt=\"\" class=\"wp-image-107\" srcset=\"https:\/\/centers.ulbsibiu.ro\/ccsprise\/wp-content\/uploads\/2020-742x1024.jpg 742w, https:\/\/centers.ulbsibiu.ro\/ccsprise\/wp-content\/uploads\/2020-217x300.jpg 217w, https:\/\/centers.ulbsibiu.ro\/ccsprise\/wp-content\/uploads\/2020-768x1060.jpg 768w, https:\/\/centers.ulbsibiu.ro\/ccsprise\/wp-content\/uploads\/2020.jpg 1080w\" sizes=\"(max-width: 742px) 100vw, 742px\" \/><\/figure>\n\n\n\n<p><strong>Eugen Str\u0103u\u021biu, Transnistrian Bibliography, Editura Technomedia, Sibiu, 2019<\/strong><\/p>\n\n\n\n<figure class=\"wp-block-image size-full\"><img loading=\"lazy\" width=\"1024\" height=\"716\" src=\"https:\/\/centers.ulbsibiu.ro\/ccsprise\/wp-content\/uploads\/BIBLIOGRAPHY.jpg\" alt=\"\" class=\"wp-image-88\" srcset=\"https:\/\/centers.ulbsibiu.ro\/ccsprise\/wp-content\/uploads\/BIBLIOGRAPHY.jpg 1024w, https:\/\/centers.ulbsibiu.ro\/ccsprise\/wp-content\/uploads\/BIBLIOGRAPHY-300x210.jpg 300w, https:\/\/centers.ulbsibiu.ro\/ccsprise\/wp-content\/uploads\/BIBLIOGRAPHY-768x537.jpg 768w\" sizes=\"(max-width: 1024px) 100vw, 1024px\" \/><\/figure>\n\n\n\n<p><strong>Mihai Melintei, Cronologia conflictului transnistrean adnotat\u0103 bibliografic (cu traducere \u00een limba rus\u0103), Editura Armanis, Sibiu, 2018<\/strong><\/p>\n\n\n\n<figure class=\"wp-block-image size-full\"><img loading=\"lazy\" width=\"1024\" height=\"690\" src=\"https:\/\/centers.ulbsibiu.ro\/ccsprise\/wp-content\/uploads\/Melintei.jpg\" alt=\"\" class=\"wp-image-87\" srcset=\"https:\/\/centers.ulbsibiu.ro\/ccsprise\/wp-content\/uploads\/Melintei.jpg 1024w, https:\/\/centers.ulbsibiu.ro\/ccsprise\/wp-content\/uploads\/Melintei-300x202.jpg 300w, https:\/\/centers.ulbsibiu.ro\/ccsprise\/wp-content\/uploads\/Melintei-768x518.jpg 768w\" sizes=\"(max-width: 1024px) 100vw, 1024px\" \/><\/figure>\n\n\n\n<p><strong>Drago\u0219 Dragoman, Andreea Zamfira (Eds.), Politics &amp; Society: Perspectives on Democracy and Governance in the 21st Century, \u201dLucian Blaga\u201d University Press, Sibiu, 2017<\/strong><\/p>\n\n\n\n<figure class=\"wp-block-image size-large\"><img loading=\"lazy\" width=\"715\" height=\"1024\" src=\"https:\/\/centers.ulbsibiu.ro\/ccsprise\/wp-content\/uploads\/2017-715x1024.jpg\" alt=\"\" class=\"wp-image-106\" srcset=\"https:\/\/centers.ulbsibiu.ro\/ccsprise\/wp-content\/uploads\/2017-715x1024.jpg 715w, https:\/\/centers.ulbsibiu.ro\/ccsprise\/wp-content\/uploads\/2017-210x300.jpg 210w, https:\/\/centers.ulbsibiu.ro\/ccsprise\/wp-content\/uploads\/2017-768x1099.jpg 768w, https:\/\/centers.ulbsibiu.ro\/ccsprise\/wp-content\/uploads\/2017-1073x1536.jpg 1073w, https:\/\/centers.ulbsibiu.ro\/ccsprise\/wp-content\/uploads\/2017.jpg 1080w\" sizes=\"(max-width: 715px) 100vw, 715px\" \/><\/figure>\n\n\n\n<p><strong>Eugen Str\u0103u\u021biu, The Transnistrian Conflict Files, Editura Technomedia, Sibiu, 2017<\/strong><\/p>\n\n\n\n<figure class=\"wp-block-image size-full\"><img loading=\"lazy\" width=\"1024\" height=\"697\" src=\"https:\/\/centers.ulbsibiu.ro\/ccsprise\/wp-content\/uploads\/CONFLICT-FILES.jpg\" alt=\"\" class=\"wp-image-86\" srcset=\"https:\/\/centers.ulbsibiu.ro\/ccsprise\/wp-content\/uploads\/CONFLICT-FILES.jpg 1024w, https:\/\/centers.ulbsibiu.ro\/ccsprise\/wp-content\/uploads\/CONFLICT-FILES-300x204.jpg 300w, https:\/\/centers.ulbsibiu.ro\/ccsprise\/wp-content\/uploads\/CONFLICT-FILES-768x523.jpg 768w\" sizes=\"(max-width: 1024px) 100vw, 1024px\" \/><\/figure>\n\n\n\n<p><strong>Eugen Str\u0103u\u021biu, Nicoleta Munteanu, Marius \u0218pechea, Op\u021biunile partidelor politice din Republica Moldova \u00een problema transnistrean\u0103, Editura Mega, Cluj-Napoca, 2017<\/strong><\/p>\n\n\n\n<figure class=\"wp-block-image size-full\"><img loading=\"lazy\" width=\"960\" height=\"688\" src=\"https:\/\/centers.ulbsibiu.ro\/ccsprise\/wp-content\/uploads\/OPTIUNILE.jpg\" alt=\"\" class=\"wp-image-85\" srcset=\"https:\/\/centers.ulbsibiu.ro\/ccsprise\/wp-content\/uploads\/OPTIUNILE.jpg 960w, https:\/\/centers.ulbsibiu.ro\/ccsprise\/wp-content\/uploads\/OPTIUNILE-300x215.jpg 300w, https:\/\/centers.ulbsibiu.ro\/ccsprise\/wp-content\/uploads\/OPTIUNILE-768x550.jpg 768w\" sizes=\"(max-width: 960px) 100vw, 960px\" \/><\/figure>\n\n\n\n<p><strong>Eugen Str\u0103u\u021biu, Vasile Tab\u0103r\u0103, A comparative analysis of the development on the two banks of the Dniestr, Editura Techomedia, Sibiu, 2015<\/strong><\/p>\n\n\n\n<figure class=\"wp-block-image size-full\"><img loading=\"lazy\" width=\"1024\" height=\"705\" src=\"https:\/\/centers.ulbsibiu.ro\/ccsprise\/wp-content\/uploads\/COMPARATIVE.jpg\" alt=\"\" class=\"wp-image-84\" srcset=\"https:\/\/centers.ulbsibiu.ro\/ccsprise\/wp-content\/uploads\/COMPARATIVE.jpg 1024w, https:\/\/centers.ulbsibiu.ro\/ccsprise\/wp-content\/uploads\/COMPARATIVE-300x207.jpg 300w, https:\/\/centers.ulbsibiu.ro\/ccsprise\/wp-content\/uploads\/COMPARATIVE-768x529.jpg 768w\" sizes=\"(max-width: 1024px) 100vw, 1024px\" \/><\/figure>\n\n\n\n<p><strong>Eugen Str\u0103u\u021biu, Vasile Tab\u0103r\u0103, Bogdan Gheorghi\u021b\u0103, Nicoleta Munteanu (coord.),&nbsp;Catalogul organiza\u021biilor neguvernamentale din jude\u021bul Sibiu, Editura Universit\u0103\u021bii \u201eLucian Blaga\u201d din Sibiu, 2012<\/strong><\/p>\n\n\n\n<figure class=\"wp-block-image size-full\"><img loading=\"lazy\" width=\"1024\" height=\"730\" src=\"https:\/\/centers.ulbsibiu.ro\/ccsprise\/wp-content\/uploads\/CATALOGUL.jpg\" alt=\"\" class=\"wp-image-83\" srcset=\"https:\/\/centers.ulbsibiu.ro\/ccsprise\/wp-content\/uploads\/CATALOGUL.jpg 1024w, https:\/\/centers.ulbsibiu.ro\/ccsprise\/wp-content\/uploads\/CATALOGUL-300x214.jpg 300w, https:\/\/centers.ulbsibiu.ro\/ccsprise\/wp-content\/uploads\/CATALOGUL-768x548.jpg 768w\" sizes=\"(max-width: 1024px) 100vw, 1024px\" \/><\/figure>\n\n\n\n<p><strong>Eugen Str\u0103u\u0163iu (coord.), Politici \u015fi proiecte de mediu \u00een regiunea Sibiului. Solu\u0163ii locale la probleme globale, Editura Universit\u0103\u0163ii \u201eLucian Blaga\u201d, Sibiu, 2011<\/strong><\/p>\n\n\n\n<figure class=\"wp-block-image size-full\"><img loading=\"lazy\" width=\"1024\" height=\"722\" src=\"https:\/\/centers.ulbsibiu.ro\/ccsprise\/wp-content\/uploads\/JUD-SIBIU.jpg\" alt=\"\" class=\"wp-image-82\" srcset=\"https:\/\/centers.ulbsibiu.ro\/ccsprise\/wp-content\/uploads\/JUD-SIBIU.jpg 1024w, https:\/\/centers.ulbsibiu.ro\/ccsprise\/wp-content\/uploads\/JUD-SIBIU-300x212.jpg 300w, https:\/\/centers.ulbsibiu.ro\/ccsprise\/wp-content\/uploads\/JUD-SIBIU-768x542.jpg 768w\" sizes=\"(max-width: 1024px) 100vw, 1024px\" \/><\/figure>\n\n\n\n<p><strong>Eugen Str\u0103u\u0163iu (coord.), Politici \u015fi programe de mediu \u00een Rom\u00e2nia \u015fi \u00een lume, Editura Universit\u0103\u0163ii \u201eLucian Blaga\u201d, Sibiu, 2011<\/strong><\/p>\n\n\n\n<figure class=\"wp-block-image size-full\"><img loading=\"lazy\" width=\"1024\" height=\"724\" src=\"https:\/\/centers.ulbsibiu.ro\/ccsprise\/wp-content\/uploads\/mediu.jpg\" alt=\"\" class=\"wp-image-80\" srcset=\"https:\/\/centers.ulbsibiu.ro\/ccsprise\/wp-content\/uploads\/mediu.jpg 1024w, https:\/\/centers.ulbsibiu.ro\/ccsprise\/wp-content\/uploads\/mediu-300x212.jpg 300w, https:\/\/centers.ulbsibiu.ro\/ccsprise\/wp-content\/uploads\/mediu-768x543.jpg 768w\" sizes=\"(max-width: 1024px) 100vw, 1024px\" \/><\/figure>\n","protected":false},"excerpt":{"rendered":"<p>Eugen Str\u0103u\u021biu (Volume editor), Steven D. Roper (Editor), William E. Crowther (Editor), Dareg Zabarah-Chulak (Editor), Victor Juc (Editor), and Robert E. Hamilton (Editor), \u201eThe Armed Conflict of the Dniester. Three Decades Later\u201d, Peter Lang &#8211; New York, Bern, Berlin, Bruxelles, Oxford, Wien, 2023. VIIII, 254 pp. Eugen Str\u0103u\u021biu, Sinologia rom\u00e2neasc\u0103. Autori \u0219i liste bibliografice (The [&hellip;]<\/p>\n","protected":false},"author":1,"featured_media":0,"parent":0,"menu_order":0,"comment_status":"closed","ping_status":"closed","template":"","meta":[],"_links":{"self":[{"href":"https:\/\/centers.ulbsibiu.ro\/ccsprise\/wp-json\/wp\/v2\/pages\/66"}],"collection":[{"href":"https:\/\/centers.ulbsibiu.ro\/ccsprise\/wp-json\/wp\/v2\/pages"}],"about":[{"href":"https:\/\/centers.ulbsibiu.ro\/ccsprise\/wp-json\/wp\/v2\/types\/page"}],"author":[{"embeddable":true,"href":"https:\/\/centers.ulbsibiu.ro\/ccsprise\/wp-json\/wp\/v2\/users\/1"}],"replies":[{"embeddable":true,"href":"https:\/\/centers.ulbsibiu.ro\/ccsprise\/wp-json\/wp\/v2\/comments?post=66"}],"version-history":[{"count":8,"href":"https:\/\/centers.ulbsibiu.ro\/ccsprise\/wp-json\/wp\/v2\/pages\/66\/revisions"}],"predecessor-version":[{"id":336,"href":"https:\/\/centers.ulbsibiu.ro\/ccsprise\/wp-json\/wp\/v2\/pages\/66\/revisions\/336"}],"wp:attachment":[{"href":"https:\/\/centers.ulbsibiu.ro\/ccsprise\/wp-json\/wp\/v2\/media?parent=66"}],"curies":[{"name":"wp","href":"https:\/\/api.w.org\/{rel}","templated":true}]}}