{"id":395,"date":"2025-06-13T07:28:21","date_gmt":"2025-06-13T07:28:21","guid":{"rendered":"https:\/\/centers.ulbsibiu.ro\/ccsprise\/?page_id=395"},"modified":"2026-04-06T09:13:09","modified_gmt":"2026-04-06T09:13:09","slug":"apel","status":"publish","type":"page","link":"https:\/\/centers.ulbsibiu.ro\/ccsprise\/caps\/apel\/","title":{"rendered":"CALL \/ APEL"},"content":{"rendered":"\n<div class=\"wp-block-image\"><figure class=\"aligncenter size-full is-resized\"><img loading=\"lazy\" src=\"https:\/\/centers.ulbsibiu.ro\/ccsprise\/wp-content\/uploads\/CAPS_logo.png\" alt=\"\" class=\"wp-image-381\" width=\"375\" height=\"106\" srcset=\"https:\/\/centers.ulbsibiu.ro\/ccsprise\/wp-content\/uploads\/CAPS_logo.png 500w, https:\/\/centers.ulbsibiu.ro\/ccsprise\/wp-content\/uploads\/CAPS_logo-300x85.png 300w\" sizes=\"(max-width: 375px) 100vw, 375px\" \/><\/figure><\/div>\n\n\n\n<pre class=\"wp-block-preformatted has-small-font-size\"><strong>(EN)<\/strong>\nIn recent years, Romanian society has been confronted with a succession of crises that have put pressure on the values and rules generally accepted after 1989: economic deficits, the crisis of electoral processes, and the decline in the state's capacity. At the same time, several international crises have interfered with domestic challenges: the Covid pandemic, the war in Ukraine, and the war in the Middle East. Under these conditions, separate examination of internal crises becomes insufficient and counterproductive. We aim to respond to this challenge in an inter- and multidisciplinary manner, investigating geopolitical and thematic spaces integratively proposing policies and scenarios based on solid national and transnational factual bases.\r\nIn this context, our conference challenges researchers:\r\n1. To collect recent facts, classify and rank them according to relevant criteria;\r\n2. To test old theories by relating them to new phenomena, processes, and trends;\r\n3. To produce new theories (models, scenarios) that provide decision-makers with public policy solutions appropriate to the management of recent crises.\r\nThe Annual Conference Series \"Politics and Security\" (organized by the Department of International Relations, Political Science and Security Studies together with the Research Center in Political Science, International Relations and European Studies within the \"Lucian Blaga\" University of Sibiu) brings together experts and analyses in the profiles of political science, international relations, and security studies. The trends we want explained and forecasted, without being exhaustive, refer to:\r\n- The state and prospects of democracy and its fundamental rules (separation of powers in the state, supremacy of the constitution, human rights);\r\n- The legal, de facto, and desirable relationships between democracy and security;\r\n- The capacity of the Romanian state's security systems and policies, in relation to its internal needs and foreign interests;\r\n- Evolutions in regional power relations and their effects on the interests and alliances of Romania and significant regional actors: European Union, NATO, United States of America, Russian Federation, People's Republic of China;\r\n- Domestic and international processes in the case of neighboring states: the Republic of Moldova, Ukraine, Hungary, Serbia, and Bulgaria;\r\n- Challenges and opportunities for Romania's foreign policy, in the context of multiple global and regional crises;\r\n- The role of research (of the researcher and research institutions) in explaining and professionally forecasting Romania's internal processes and international actions.\r\nTo debate particular aspects or intersections of the proposed topic, we are waiting for your proposals to participate in the Annual Conference \"Politics and Security\", on October 21, 2026, in an online format.\r\nProposals must be submitted by September 15, 2026, and will contain: author; title; abstract of maximum 200 words, in Romanian; self-presentation of the author of maximum 200 words, in Romanian. Address to which we receive them: centru.ccsprise@ulbsibiu.ro.\r\nWe do not charge participation fees!\r\nThe other organizational details can be found on the conference website, and for details, you can contact the president of the organizing committee, Professor Eugen Str\u0103u\u021biu (eugen.strautiu@ulbsibiu.ro, 0040734306434 - including WhatsApp).\r\n\n\n<strong>(RO)<\/strong>\n\u00cen ultimii ani, societatea rom\u00e2neasc\u0103 a fost confruntat\u0103 cu o succesiune de crize interne care au pus presiune asupra valorilor \u0219i regulilor general acceptate dup\u0103 1989: deficitele economice, criza proceselor electorale, sc\u0103derea capacit\u0103\u021bii statului. \u00cen acela\u0219i timp, o sum\u0103 de crize interna\u021bionale a interferat cu provoc\u0103rile interne: pandemia Covid, r\u0103zboiul din Ucraina, r\u0103zboiul din Orientul Mijlociu. \u00cen aceste condi\u021bii, examinarea separat\u0103 a crizelor interne devine insuficient\u0103 \u0219i contraproductiv\u0103. Acestei provoc\u0103ri ne propunem s\u0103 r\u0103spundem inter- \u0219i multidiscipinar, investig\u00e2nd integrativ spa\u021bii geopolitice \u0219i tematici, propun\u00e2nd politici \u0219i scenarii a\u0219ezate pe solide baze factuale na\u021bionale \u0219i transna\u021bionale.\r\n\u00cen acest context, conferin\u021ba noastr\u0103 provoac\u0103 cercet\u0103torii:\r\n1. S\u0103 colecteze faptele recente, s\u0103 le clasifice \u0219i ierarhizeze dup\u0103 criterii relevante;\r\n2. S\u0103 testeze vechile teorii prin raportare la noile fenomene, procese \u0219i tendin\u021be;\r\n3. S\u0103 produc\u0103 noi teorii (modele, scenarii) care s\u0103 ofere deciden\u021bilor solu\u021bii de politici publice adecvate gestion\u0103rii crizelor recente.\r\nSeria Conferin\u021ba Anual\u0103 \u201ePolitic\u0103 \u0219i Securitate\u201d (organizat\u0103 de c\u0103tre Departamentul de Rela\u021bii Interna\u021bionale, \u0218tiin\u021be Politice \u0219i Studii de Securitate \u00eempreun\u0103 cu Centrul de Cercetare \u00een \u0218tiin\u021be Politice, Rela\u021bii Interna\u021bionale \u0219i Studii Europene din cadrul Universit\u0103\u021bii \u201eLucian Blaga\u201d din Sibiu) pune \u00een contact exper\u021bi \u0219i analize \u00een profilurile \u0219tiin\u021belor politice, rela\u021biilor interna\u021bionale \u0219i studiilor de securitate. Tendin\u021bele pe care ni le dorim explicate \u0219i prognozate, f\u0103r\u0103 a fi exhaustivi, se refer\u0103 la:\r\n- Stadiul \u0219i perspectivele democra\u021biei \u0219i regulilor sale fundamentale (separarea puterilor \u00een stat, suprema\u021bia constitu\u021biei, drepturile omului);\r\n- Raporturile legale, de facto \u0219i dezirabile \u00eentre democra\u021bie \u0219i securitate;\r\n- Capacitatea sistemelor \u0219i politicilor de securitate ale statului rom\u00e2n, \u00een raport cu nevoile interne \u0219i interesele sale externe;\r\n- Evolu\u021bii \u00een raporturile de putere \u00een plan regional \u0219i efectele acestora asupra intereselor \u0219i alian\u021belor Rom\u00e2niei \u0219i actorilor regionali semnificativi: Uniunea European\u0103, NATO, Statele Unite ale Ameiricii, Federa\u021bia Rus\u0103, Republica Popular\u0103 Chinez\u0103;\r\n- Procese interne \u0219i interna\u021bionale \u00een cazul statelor vecine: Republica Moldova, Ucraina, Ungaria, Serbia, Bulgaria;\r\n- Provoc\u0103rile \u0219i oportunit\u0103\u021bile la adresa politicii externe a Rom\u00e2niei, \u00een contextul multiplelor crize globale \u0219i regionale;\r\n- Rolul cercet\u0103rii (al cercet\u0103torului \u0219i institu\u021biilor de cercetare) \u00een explicarea \u0219i prognozarea profesionist\u0103 a proceselor interne \u0219i ac\u021biunilor interna\u021bionale ale Rom\u00e2niei.\r\nPentru a pune \u00een dezbatere aspecte particulare sau intersec\u021bii ale tematicii propuse, a\u0219tept\u0103m propunerile Dvs. de participare la Conferin\u021ba Anual\u0103 \u201ePolitic\u0103 \u0219i Securitate\u201d, \u00een data de 21 octombrie 2026, \u00een format online. \r\nPropunerile trebuie transmise p\u00e2n\u0103 la data de 15 septembrie 2026, \u0219i vor con\u021bine: autor; titlu; rezumat de maximum 200 cuvinte, \u00een limba rom\u00e2n\u0103; autoprezentare a autorului de maximum 200 de cuvinte, \u00een limba rom\u00e2n\u0103. Adresa la care le recep\u021bion\u0103m: centru.ccsprise@ulbsibiu.ro.\r\nNu percepem taxe de participare!\r\nCelelalte detalii organizatorice se reg\u0103sesc pe site-ul conferin\u021bei, iar pentru detalii v\u0103 pute\u021bi adresa pre\u0219edintelui comitetului de organizare, prof.univ.dr. Eugen Str\u0103u\u021biu (eugen.strautiu@ulbsibiu.ro, 0040734306434 - inclusiv WhatsApp).\r\n\n<\/pre>\n","protected":false},"excerpt":{"rendered":"<p>(EN) In recent years, Romanian society has been confronted with a succession of crises that have put pressure on the values and rules generally accepted after 1989: economic deficits, the crisis of electoral processes, and the decline in the state&#8217;s capacity. At the same time, several international crises have interfered with domestic challenges: the Covid [&hellip;]<\/p>\n","protected":false},"author":2,"featured_media":0,"parent":352,"menu_order":0,"comment_status":"closed","ping_status":"closed","template":"","meta":[],"_links":{"self":[{"href":"https:\/\/centers.ulbsibiu.ro\/ccsprise\/wp-json\/wp\/v2\/pages\/395"}],"collection":[{"href":"https:\/\/centers.ulbsibiu.ro\/ccsprise\/wp-json\/wp\/v2\/pages"}],"about":[{"href":"https:\/\/centers.ulbsibiu.ro\/ccsprise\/wp-json\/wp\/v2\/types\/page"}],"author":[{"embeddable":true,"href":"https:\/\/centers.ulbsibiu.ro\/ccsprise\/wp-json\/wp\/v2\/users\/2"}],"replies":[{"embeddable":true,"href":"https:\/\/centers.ulbsibiu.ro\/ccsprise\/wp-json\/wp\/v2\/comments?post=395"}],"version-history":[{"count":8,"href":"https:\/\/centers.ulbsibiu.ro\/ccsprise\/wp-json\/wp\/v2\/pages\/395\/revisions"}],"predecessor-version":[{"id":975,"href":"https:\/\/centers.ulbsibiu.ro\/ccsprise\/wp-json\/wp\/v2\/pages\/395\/revisions\/975"}],"up":[{"embeddable":true,"href":"https:\/\/centers.ulbsibiu.ro\/ccsprise\/wp-json\/wp\/v2\/pages\/352"}],"wp:attachment":[{"href":"https:\/\/centers.ulbsibiu.ro\/ccsprise\/wp-json\/wp\/v2\/media?parent=395"}],"curies":[{"name":"wp","href":"https:\/\/api.w.org\/{rel}","templated":true}]}}