{"id":370,"date":"2025-06-12T06:55:17","date_gmt":"2025-06-12T06:55:17","guid":{"rendered":"https:\/\/centers.ulbsibiu.ro\/ccsprise\/?page_id=370"},"modified":"2025-10-25T10:14:03","modified_gmt":"2025-10-25T10:14:03","slug":"results","status":"publish","type":"page","link":"https:\/\/centers.ulbsibiu.ro\/ccsprise\/caps\/results\/","title":{"rendered":"RESULTS \/ REZULTATE"},"content":{"rendered":"\n<div class=\"wp-block-image\"><figure class=\"aligncenter size-full is-resized\"><img loading=\"lazy\" src=\"https:\/\/centers.ulbsibiu.ro\/ccsprise\/wp-content\/uploads\/CAPS_logo.png\" alt=\"\" class=\"wp-image-381\" width=\"375\" height=\"106\" srcset=\"https:\/\/centers.ulbsibiu.ro\/ccsprise\/wp-content\/uploads\/CAPS_logo.png 500w, https:\/\/centers.ulbsibiu.ro\/ccsprise\/wp-content\/uploads\/CAPS_logo-300x85.png 300w\" sizes=\"(max-width: 375px) 100vw, 375px\" \/><\/figure><\/div>\n\n\n\n<pre class=\"wp-block-preformatted\">(EN)\n\nThe Annual Conference \u201cPolitics and Security\u201d, organized by the Department of International Relations, Political Science and Security Studies (DRISPSS) in cooperation with the Center for Research in Political Science, International Relations and European Studies (CCSPRISE), was held on Friday, October 24.\n\nThe proceedings were opened by Dr. Gabriel \u0218erban, Director of DRISPSS, and Dr. Eugen Str\u0103u\u021biu, Director of CCSPRISE. Formal addresses of greeting were delivered by Professor Cristina-Emanuela Dasc\u0103lu, PhD, Vice-President of the Education Committee of the Chamber of Deputies, and Professor Alexandru Solcan, PhD, Dean of the Faculty of International Relations, Political and Administrative Sciences at the State University of Moldova.\nThe keynote lectures were delivered by Professor Dan Dungaciu, with a presentation entitled \u201cTransnistria and the Statehood of the Republic of Moldova\u201d, and Professor Radu Baltasiu, with \u201cThe Dawn of the New Nomos.\u201d\nDuring the inaugural session, several recent scholarly volumes authored by members of DRISPSS and CCSPRISE were presented. Timothy French, member of the Balkan History Association, introduced the \u201cSouth-European History\u201d series, published by the prestigious Peter Lang publishing house under the coordination of Mihai Dragnea. Within this series, the 2023 volume \u201cThe Armed Conflict of the Dniester\u201d appeared as a result of a project undertaken by the Laboratory for the Analysis of the Transnistrian Conflict (LACT). Dr. Emilia Tomescu presented a series of volumes dedicated to national anthems, prepared in collaboration with Dr. Iuliana Neago\u0219 and published by Technomedia Press. The monograph \u201cDemocratic Decline in Romania after 2007\u201d (Suceava, Alexandria Publishing House, 2025) by Drago\u0219 Dragoman was highlighted by Dr. Cristina-Emanuela Dasc\u0103lu, while the commemorative volume \u201cHistorian Cristian Troncot\u0103 at 70 Years\u201d (Craiova, 2024) was presented by Dr. Marius \u0218pechea.\nAcross the thematic sections, 29 papers were presented by 32 authors representing academic and research institutions from the Republic of Moldova (State University of Moldova; \u201cAlexandru cel Bun\u201d Armed Forces Military Academy, Chi\u0219in\u0103u; Agency for Science and Military Memory, Chi\u0219in\u0103u; Bureau for Reintegration Policy; State Chancellery of the Republic of Moldova), Romania (University of Bucharest; \u201cBabe\u0219-Bolyai\u201d University, Cluj-Napoca; \u201cDun\u0103rea de Jos\u201d University, Gala\u021bi; \u201cLucian Blaga\u201d University, Sibiu; Balkan History Association), Ukraine (Yuriy Fedkovych National University, Chernivtsi), and the People\u2019s Republic of China (Zhejiang University of Science and Technology, Hangzhou).\nThe conference comprised three thematic panels:\n1.\tThe Transnistrian Issue in National and Regional Perspective (organized by the Laboratory for the Analysis of the Transnistrian Conflict \u2013 LACT),\n2.\tPolitics and Security: Theoretical Perspectives and Case Studies,\n3.\tMoldovan and Ukrainian Contributions to the Study of Politics and Security.\nPartners in the annual conference project included the Center for Security Studies and Crisis Management, Chi\u0219in\u0103u (Director: Alexandru Solcan); the Balkan History Association (Director: Mihai Dragnea); the Transylvanian Academy Foundation; and Technomedia Publishing House.\n\nThe conference given by Professor Dungaciu can be viewed here: <a href=\"https:\/\/drive.google.com\/file\/d\/136pAEJtphEMnf9EhVN9asxyIBZspJXBX\/view?usp=drivesdk\">https:\/\/drive.google.com\/file\/d\/136pAEJtphEMnf9EhVN9asxyIBZspJXBX\/view?usp=drivesdk<\/a>\n\n(RO)\n\nConferin\u021ba Anual\u0103 \u201ePolitic\u0103 \u0219i Securitate\u201d, organizat\u0103 de c\u0103tre Departamentul de Rela\u021bii Interna\u021bionale, \u0218tiin\u021be Politice \u0219i Studii de Securitate \u2013 \u00een cooperare cu Centrul de Cercetare \u00een \u0218tiin\u021be Politice, Rela\u021bii Interna\u021bionale \u0219i Studii Europene, \u0219i-a desf\u0103\u0219urat lucr\u0103rile vineri, 24 octombrie.\nLucr\u0103rile au fost deschide de c\u0103tre directorul DRISPSS, dr. Gabriel \u0218erban, \u0219i directorul CCSPRISE, dr. Eugen Str\u0103u\u021biu. Mesaje protocolare de salut au fost transmise de c\u0103tre vice-pre\u0219edintele Comisiei pentru \u00eenv\u0103\u021b\u0103m\u00e2nt din Camera Deputa\u021bilor, prof.univ.dr. Cristina-Emanuela Dasc\u0103lu, \u0219i decanul Facult\u0103\u021bii de Rela\u021bii Interna\u021bionale, \u0218tiin\u021be Politice \u0219i Administrative din cadrul Universit\u0103\u021bii de Stat din Moldova, prof.univ.dr. Alexandru Solcan.\nKeynote speakers au evoluat profesorii universitari Dan Dungaciu (cu titlul \u201eTransnistria \u0219i statalitatea Republicii Moldova\u201d) \u0219i Radu Baltasiu (cu titlul \u201eZorii noului nomos\u201d).\n\u00cen sec\u021biunea inaugural\u0103 au fost prezentate volume ale membrilor DRISPSS \u0219i CCSPRISE. Timothy French, membru al Balkan History Association, a descris seria \u201eSouth-European History\u201d, care apare la prestigioasa editur\u0103 Peter Lang, sub coordonarea lui Mihai Dragnea (\u0219i unde, \u00een 2023, a ap\u0103rut volumul \u201eThe Armed Conflict of the Dniester\u201d ca rezultat al unui proiect al Laboratorului pentru Analiza Conflictului Transnistrean). Dr. Emilia Tomescu a prezentat o serie de volume dedicate imnurilor na\u021bionale, realizat\u0103 \u00eempreun\u0103 cu dr. Iuliana Neago\u0219, la Editura Technomedia. Volumul lui Drago\u0219 Dragoman, \u201eDeclinul democratic \u00een Rom\u00e2nia dup\u0103 2007\u201d (Suceava, Editura Alexandria, 2025) a fost semnalat de c\u0103tre dr. Cristina-Emanuela Dasc\u0103lu, iar volumul aniversar \u201eIstoricul Cristian Troncot\u0103 la 70 de ani\u201d (Craiova, 2024) a fost prezentat de c\u0103tre dr. Marius \u0218pechea.\n\u00cen sec\u021biuni au fost sus\u021binute 29 comunic\u0103ri de c\u0103tre 32 autori, din Republica Moldova (Universitatea de Stat din Moldova, Academia Militar\u0103 a For\u021belor Armate \u201eAlexandru cel Bun\u201d din Chi\u0219in\u0103u, Agen\u021bia pentru \u0218tiin\u021b\u0103 \u0219i Memorie Militar\u0103 din Chi\u0219in\u0103u, Biroul politici de reintegrare, Cancelaria de Stat - Republica Moldova), Rom\u00e2nia (Universitatea din Bucure\u0219ti, Universitatea \u201eBabe\u0219-Bolyai\u201d din Cluj-Napoca, Universitatea \u201eDun\u0103rea de Jos\u201d din Gala\u021bi, Universitatea \u201eLucian Blaga\u201d din Sibiu, Balkan History Association), Ucraina (Universitatea Na\u021bional\u0103 \u201eIuri Fedkovici\u201d din Cern\u0103u\u021bi) \u0219i Republica Popular\u0103 Chinez\u0103 (Universitatea de \u0218tiin\u021b\u0103 \u0219i Tehnologie Zhejiang din Hangzhou).\nConferin\u021ba a propus trei sec\u021biuni: Problema transnistrean\u0103 \u00een perspectiv\u0103 na\u021bional\u0103 \u0219i regional\u0103 (organizat\u0103 de c\u0103tre LACT), Politic\u0103 \u0219i securitate: perspective teoretice \u0219i studii de caz; Contribu\u021bii moldovene\u0219ti \u0219i ucrainene la tematica politicii \u0219i securit\u0103\u021bii.\nParteneri \u00een proiectul conferin\u021bei anuale sunt Centrul de Studii de Securitate \u0219i Managementul Crizelor din Chi\u0219in\u0103u (director: Alexandru Solcan), Balkan History Association (director: Mihai Dragnea), Funda\u021bia Academia Ardelean\u0103 \u0219i Editura TechnoMedia. \n\n\nConferin\u021ba oferit\u0103 de c\u0103tre profesorul universitar Dan Dungaciu poate fi urm\u0103rit\u0103 aici: <a href=\"https:\/\/drive.google.com\/file\/d\/136pAEJtphEMnf9EhVN9asxyIBZspJXBX\/view?usp=drivesdk\">https:\/\/drive.google.com\/file\/d\/136pAEJtphEMnf9EhVN9asxyIBZspJXBX\/view?usp=drivesdk<\/a>\n\n\n<\/pre>\n\n\n\n<figure class=\"wp-block-gallery has-nested-images columns-default is-cropped\">\n<figure class=\"wp-block-image size-large\"><img loading=\"lazy\" width=\"1024\" height=\"768\" data-id=\"963\"  src=\"https:\/\/centers.ulbsibiu.ro\/ccsprise\/wp-content\/uploads\/4-2-1024x768.jpg\" alt=\"\" class=\"wp-image-963\" srcset=\"https:\/\/centers.ulbsibiu.ro\/ccsprise\/wp-content\/uploads\/4-2-1024x768.jpg 1024w, https:\/\/centers.ulbsibiu.ro\/ccsprise\/wp-content\/uploads\/4-2-300x225.jpg 300w, https:\/\/centers.ulbsibiu.ro\/ccsprise\/wp-content\/uploads\/4-2-768x576.jpg 768w, https:\/\/centers.ulbsibiu.ro\/ccsprise\/wp-content\/uploads\/4-2-1536x1152.jpg 1536w, https:\/\/centers.ulbsibiu.ro\/ccsprise\/wp-content\/uploads\/4-2-1200x900.jpg 1200w, https:\/\/centers.ulbsibiu.ro\/ccsprise\/wp-content\/uploads\/4-2.jpg 1600w\" sizes=\"(max-width: 1024px) 100vw, 1024px\" \/><\/figure>\n<\/figure>\n\n\n\n<figure class=\"wp-block-gallery has-nested-images columns-default is-cropped\">\n<figure class=\"wp-block-image size-large\"><img loading=\"lazy\" width=\"1024\" height=\"768\" data-id=\"955\"  src=\"https:\/\/centers.ulbsibiu.ro\/ccsprise\/wp-content\/uploads\/5-1024x768.jpg\" alt=\"\" class=\"wp-image-955\" srcset=\"https:\/\/centers.ulbsibiu.ro\/ccsprise\/wp-content\/uploads\/5-1024x768.jpg 1024w, https:\/\/centers.ulbsibiu.ro\/ccsprise\/wp-content\/uploads\/5-300x225.jpg 300w, https:\/\/centers.ulbsibiu.ro\/ccsprise\/wp-content\/uploads\/5-768x576.jpg 768w, https:\/\/centers.ulbsibiu.ro\/ccsprise\/wp-content\/uploads\/5-1536x1152.jpg 1536w, https:\/\/centers.ulbsibiu.ro\/ccsprise\/wp-content\/uploads\/5-1200x900.jpg 1200w, https:\/\/centers.ulbsibiu.ro\/ccsprise\/wp-content\/uploads\/5.jpg 1600w\" sizes=\"(max-width: 1024px) 100vw, 1024px\" \/><\/figure>\n\n\n\n<figure class=\"wp-block-image size-large\"><img loading=\"lazy\" width=\"768\" height=\"1024\" data-id=\"956\"  src=\"https:\/\/centers.ulbsibiu.ro\/ccsprise\/wp-content\/uploads\/2-1-768x1024.jpg\" alt=\"\" class=\"wp-image-956\" srcset=\"https:\/\/centers.ulbsibiu.ro\/ccsprise\/wp-content\/uploads\/2-1-768x1024.jpg 768w, https:\/\/centers.ulbsibiu.ro\/ccsprise\/wp-content\/uploads\/2-1-225x300.jpg 225w, https:\/\/centers.ulbsibiu.ro\/ccsprise\/wp-content\/uploads\/2-1-1152x1536.jpg 1152w, https:\/\/centers.ulbsibiu.ro\/ccsprise\/wp-content\/uploads\/2-1.jpg 1200w\" sizes=\"(max-width: 768px) 100vw, 768px\" \/><\/figure>\n\n\n\n<figure class=\"wp-block-image size-large\"><img loading=\"lazy\" width=\"1024\" height=\"711\" data-id=\"957\"  src=\"https:\/\/centers.ulbsibiu.ro\/ccsprise\/wp-content\/uploads\/dungaciu2-1024x711.jpg\" alt=\"\" class=\"wp-image-957\" srcset=\"https:\/\/centers.ulbsibiu.ro\/ccsprise\/wp-content\/uploads\/dungaciu2-1024x711.jpg 1024w, https:\/\/centers.ulbsibiu.ro\/ccsprise\/wp-content\/uploads\/dungaciu2-300x208.jpg 300w, https:\/\/centers.ulbsibiu.ro\/ccsprise\/wp-content\/uploads\/dungaciu2-768x534.jpg 768w, https:\/\/centers.ulbsibiu.ro\/ccsprise\/wp-content\/uploads\/dungaciu2-1200x834.jpg 1200w, https:\/\/centers.ulbsibiu.ro\/ccsprise\/wp-content\/uploads\/dungaciu2.jpg 1209w\" sizes=\"(max-width: 1024px) 100vw, 1024px\" \/><\/figure>\n<\/figure>\n\n\n\n<figure class=\"wp-block-gallery has-nested-images columns-default is-cropped\">\n<figure class=\"wp-block-image size-large\"><img loading=\"lazy\" width=\"1024\" height=\"345\" data-id=\"958\"  src=\"https:\/\/centers.ulbsibiu.ro\/ccsprise\/wp-content\/uploads\/11-1024x345.jpg\" alt=\"\" class=\"wp-image-958\" srcset=\"https:\/\/centers.ulbsibiu.ro\/ccsprise\/wp-content\/uploads\/11-1024x345.jpg 1024w, https:\/\/centers.ulbsibiu.ro\/ccsprise\/wp-content\/uploads\/11-300x101.jpg 300w, https:\/\/centers.ulbsibiu.ro\/ccsprise\/wp-content\/uploads\/11-768x259.jpg 768w, https:\/\/centers.ulbsibiu.ro\/ccsprise\/wp-content\/uploads\/11-1536x517.jpg 1536w, https:\/\/centers.ulbsibiu.ro\/ccsprise\/wp-content\/uploads\/11-1200x404.jpg 1200w, https:\/\/centers.ulbsibiu.ro\/ccsprise\/wp-content\/uploads\/11.jpg 1606w\" sizes=\"(max-width: 1024px) 100vw, 1024px\" \/><\/figure>\n\n\n\n<figure class=\"wp-block-image size-large\"><img loading=\"lazy\" width=\"1024\" height=\"498\" data-id=\"959\"  src=\"https:\/\/centers.ulbsibiu.ro\/ccsprise\/wp-content\/uploads\/7-1024x498.jpg\" alt=\"\" class=\"wp-image-959\" srcset=\"https:\/\/centers.ulbsibiu.ro\/ccsprise\/wp-content\/uploads\/7-1024x498.jpg 1024w, https:\/\/centers.ulbsibiu.ro\/ccsprise\/wp-content\/uploads\/7-300x146.jpg 300w, https:\/\/centers.ulbsibiu.ro\/ccsprise\/wp-content\/uploads\/7-768x374.jpg 768w, https:\/\/centers.ulbsibiu.ro\/ccsprise\/wp-content\/uploads\/7.jpg 1182w\" sizes=\"(max-width: 1024px) 100vw, 1024px\" \/><\/figure>\n\n\n\n<figure class=\"wp-block-image size-large\"><img loading=\"lazy\" width=\"1024\" height=\"768\" data-id=\"960\"  src=\"https:\/\/centers.ulbsibiu.ro\/ccsprise\/wp-content\/uploads\/12-1-1024x768.jpg\" alt=\"\" class=\"wp-image-960\" srcset=\"https:\/\/centers.ulbsibiu.ro\/ccsprise\/wp-content\/uploads\/12-1-1024x768.jpg 1024w, https:\/\/centers.ulbsibiu.ro\/ccsprise\/wp-content\/uploads\/12-1-300x225.jpg 300w, https:\/\/centers.ulbsibiu.ro\/ccsprise\/wp-content\/uploads\/12-1-768x576.jpg 768w, https:\/\/centers.ulbsibiu.ro\/ccsprise\/wp-content\/uploads\/12-1-1536x1152.jpg 1536w, https:\/\/centers.ulbsibiu.ro\/ccsprise\/wp-content\/uploads\/12-1-1200x900.jpg 1200w, https:\/\/centers.ulbsibiu.ro\/ccsprise\/wp-content\/uploads\/12-1-1980x1485.jpg 1980w, https:\/\/centers.ulbsibiu.ro\/ccsprise\/wp-content\/uploads\/12-1.jpg 2048w\" sizes=\"(max-width: 1024px) 100vw, 1024px\" \/><\/figure>\n<\/figure>\n","protected":false},"excerpt":{"rendered":"<p>(EN) The Annual Conference \u201cPolitics and Security\u201d, organized by the Department of International Relations, Political Science and Security Studies (DRISPSS) in cooperation with the Center for Research in Political Science, International Relations and European Studies (CCSPRISE), was held on Friday, October 24. The proceedings were opened by Dr. Gabriel \u0218erban, Director of DRISPSS, and Dr. [&hellip;]<\/p>\n","protected":false},"author":2,"featured_media":0,"parent":352,"menu_order":0,"comment_status":"closed","ping_status":"closed","template":"","meta":[],"_links":{"self":[{"href":"https:\/\/centers.ulbsibiu.ro\/ccsprise\/wp-json\/wp\/v2\/pages\/370"}],"collection":[{"href":"https:\/\/centers.ulbsibiu.ro\/ccsprise\/wp-json\/wp\/v2\/pages"}],"about":[{"href":"https:\/\/centers.ulbsibiu.ro\/ccsprise\/wp-json\/wp\/v2\/types\/page"}],"author":[{"embeddable":true,"href":"https:\/\/centers.ulbsibiu.ro\/ccsprise\/wp-json\/wp\/v2\/users\/2"}],"replies":[{"embeddable":true,"href":"https:\/\/centers.ulbsibiu.ro\/ccsprise\/wp-json\/wp\/v2\/comments?post=370"}],"version-history":[{"count":14,"href":"https:\/\/centers.ulbsibiu.ro\/ccsprise\/wp-json\/wp\/v2\/pages\/370\/revisions"}],"predecessor-version":[{"id":966,"href":"https:\/\/centers.ulbsibiu.ro\/ccsprise\/wp-json\/wp\/v2\/pages\/370\/revisions\/966"}],"up":[{"embeddable":true,"href":"https:\/\/centers.ulbsibiu.ro\/ccsprise\/wp-json\/wp\/v2\/pages\/352"}],"wp:attachment":[{"href":"https:\/\/centers.ulbsibiu.ro\/ccsprise\/wp-json\/wp\/v2\/media?parent=370"}],"curies":[{"name":"wp","href":"https:\/\/api.w.org\/{rel}","templated":true}]}}