{"id":362,"date":"2025-06-12T06:52:10","date_gmt":"2025-06-12T06:52:10","guid":{"rendered":"https:\/\/centers.ulbsibiu.ro\/ccsprise\/?page_id=362"},"modified":"2026-04-20T05:17:11","modified_gmt":"2026-04-20T05:17:11","slug":"pentru-autori","status":"publish","type":"page","link":"https:\/\/centers.ulbsibiu.ro\/ccsprise\/caps\/pentru-autori\/","title":{"rendered":"FOR AUTHORS \/ PENTRU AUTORI"},"content":{"rendered":"\n<div class=\"wp-block-image\"><figure class=\"aligncenter size-full is-resized\"><img loading=\"lazy\" src=\"https:\/\/centers.ulbsibiu.ro\/ccsprise\/wp-content\/uploads\/CAPS_logo.png\" alt=\"\" class=\"wp-image-381\" width=\"375\" height=\"106\" srcset=\"https:\/\/centers.ulbsibiu.ro\/ccsprise\/wp-content\/uploads\/CAPS_logo.png 500w, https:\/\/centers.ulbsibiu.ro\/ccsprise\/wp-content\/uploads\/CAPS_logo-300x85.png 300w\" sizes=\"(max-width: 375px) 100vw, 375px\" \/><\/figure><\/div>\n\n\n\n<pre class=\"wp-block-preformatted has-small-font-size\"><strong>(EN)<\/strong>\n<strong>THE CONFERENCE VOLUME<\/strong> will be published by TECHNOMEDIA Publishing House in Sibiu - a CNCSIS accredited publishing house and recognized by the CNATDCU specialized committee.\n\n<strong>PUBLICATION RULES<\/strong>:\n1. No more than two proposals from an author are accepted, of which one is the sole author and the second is a co-author.\n2. Proposals must be between 7,000 and 10,000 words.\n3. Proposals must contain footnotes (at least 15) and a final bibliography (at least 10 references to books, studies, articles, and other relevant sources).\n4. Each proposal will be checked for plagiarism and fraudulent data; in case of non-compliance, the proposal will be rejected.\n5. The author undertakes, by statement, not to propose the same title for publication in another publication until the final response from the editorial board.\n6. In the case of proposals submitted by students, they must be accompanied by proof of coordination by a professor or researcher holding a PhD. title.\n\n<em>The STATEMENT form can be downloaded below!<\/em>\n\n\n<strong>(RO)<\/strong>\n<strong>VOLUMUL CONFERIN\u021aEI<\/strong> va fi publicat la Editura TECHNOMEDIA din Sibiu - editur\u0103 acreditat\u0103 CNCSIS \u0219i recunoscut\u0103 de c\u0103tre comisia de specialitate CNATDCU.\n\n<strong>REGULI DE PUBLICARE<\/strong>: \n1. Nu se accept\u0103 mai mult de dou\u0103 propuneri din partea unui autor, dintre care una este unic autor, iar a doua este co-autor.\n2. Propunerile trebuie s\u0103 se \u00eencadreze \u00eentre 7.000 \u0219i 10.000 cuvinte.\n3. Propunerile trebuie s\u0103 con\u021bin\u0103 note bibliografice la subsol (cel pu\u021bin 15) \u0219i o bibliografie final\u0103 (cel pu\u021bin 10 trimiteri la c\u0103r\u021bi, studii, articole \u0219i alte surse relevante).\n4. Fiecare propunere va fi verificat\u0103 sub aspectul plagiatului \u015fi datelor frauduloase; \u00een caz de ne-conformitate, propunerea va fi respins\u0103.\n5. Autorul \u00ee\u0219i asum\u0103, prin declara\u021bie, s\u0103 nu propun\u0103 spre publicare acela\u0219i titlu \u00een alt\u0103 publica\u021bie, p\u00e2n\u0103 la r\u0103spunsul definitiv al redac\u021biei. \n6. \u00cen cazul propunerilor transmise de c\u0103tre studen\u021bi, acestea trebuie \u00eenso\u021bite de dovada coordon\u0103rii de c\u0103tre un profesor sau cercet\u0103tor care de\u021bine titlul de doctor \u00een \u0219tiin\u021be\n\n<em>Formularul <strong>DECLARA\u021aIEI<\/strong> poate fi desc\u0103rcat mai jos!<\/em>\n\n<strong>(EN)<\/strong>\n<strong>EDITING RULES<\/strong>:\nThe volume of the Annual Conference \"Politics and Security\" uses Times New Roman font, with single line spacing.\n<em>The TEMPLATE can be downloaded below!<\/em>\n\n<strong>(RO)<\/strong>\n<strong>REGULI DE REDACTARE<\/strong>:\nVolumul Conferin\u021bei Anuale \u201ePolitic\u0103 \u0219i Securitate\u201d utilizeaz\u0103 caractere Times New Roman, cu spa\u021biere la un r\u00e2nd. \n<em>TEMPLATE se poate desc\u0103rca mai jos!<\/em>\n\n<img loading=\"lazy\" width=\"1033\" height=\"782\" class=\"wp-image-422\" style=\"width: 500px;\" src=\"https:\/\/centers.ulbsibiu.ro\/ccsprise\/wp-content\/uploads\/rules-of-publication-1.jpg\" alt=\"\" srcset=\"https:\/\/centers.ulbsibiu.ro\/ccsprise\/wp-content\/uploads\/rules-of-publication-1.jpg 1033w, https:\/\/centers.ulbsibiu.ro\/ccsprise\/wp-content\/uploads\/rules-of-publication-1-300x227.jpg 300w, https:\/\/centers.ulbsibiu.ro\/ccsprise\/wp-content\/uploads\/rules-of-publication-1-1024x775.jpg 1024w, https:\/\/centers.ulbsibiu.ro\/ccsprise\/wp-content\/uploads\/rules-of-publication-1-768x581.jpg 768w\" sizes=\"(max-width: 1033px) 100vw, 1033px\" \/>\n\n<em><strong>CHICAGO MANUAL OF STYLE<\/strong><\/em>: <a href=\"https:\/\/www.chicagomanualofstyle.org\/tools_citationguide\/citation-guide-1.html\">https:\/\/www.chicagomanualofstyle.org\/tools_citationguide\/citation-guide-1.html<\/a>\n\n<\/pre>\n\n\n\n<div class=\"wp-block-file\"><a id=\"wp-block-file--media-2d4d91d3-88c3-408a-819f-219b1eeda791\" href=\"https:\/\/centers.ulbsibiu.ro\/ccsprise\/wp-content\/uploads\/STATEMENT-1.docx\">STATEMENT<\/a><a href=\"https:\/\/centers.ulbsibiu.ro\/ccsprise\/wp-content\/uploads\/STATEMENT-1.docx\" class=\"wp-block-file__button\" download aria-describedby=\"wp-block-file--media-2d4d91d3-88c3-408a-819f-219b1eeda791\">Download<\/a><\/div>\n\n\n\n<div class=\"wp-block-file\"><a id=\"wp-block-file--media-43dcb2b1-0c80-459e-a96a-2eaa073dfac8\" href=\"https:\/\/centers.ulbsibiu.ro\/ccsprise\/wp-content\/uploads\/TEMPLATE-ENG-1-1.doc\">TEMPLATE-EN<\/a><a href=\"https:\/\/centers.ulbsibiu.ro\/ccsprise\/wp-content\/uploads\/TEMPLATE-ENG-1-1.doc\" class=\"wp-block-file__button\" download aria-describedby=\"wp-block-file--media-43dcb2b1-0c80-459e-a96a-2eaa073dfac8\">Download<\/a><\/div>\n\n\n\n<div class=\"wp-block-file\"><a id=\"wp-block-file--media-4483fb26-5033-4e5e-a9f6-1db165f03605\" href=\"https:\/\/centers.ulbsibiu.ro\/ccsprise\/wp-content\/uploads\/DECLARATIE-2.doc\">DECLARATIE<\/a><a href=\"https:\/\/centers.ulbsibiu.ro\/ccsprise\/wp-content\/uploads\/DECLARATIE-2.doc\" class=\"wp-block-file__button\" download aria-describedby=\"wp-block-file--media-4483fb26-5033-4e5e-a9f6-1db165f03605\">Download<\/a><\/div>\n\n\n\n<div class=\"wp-block-file\"><a id=\"wp-block-file--media-a9fde4eb-c6ef-4b09-a2a3-ca975d2b4243\" href=\"https:\/\/centers.ulbsibiu.ro\/ccsprise\/wp-content\/uploads\/TEMPLATE-RO-2.docx\">TEMPLATE-RO<\/a><a href=\"https:\/\/centers.ulbsibiu.ro\/ccsprise\/wp-content\/uploads\/TEMPLATE-RO-2.docx\" class=\"wp-block-file__button\" download aria-describedby=\"wp-block-file--media-a9fde4eb-c6ef-4b09-a2a3-ca975d2b4243\">Download<\/a><\/div>\n","protected":false},"excerpt":{"rendered":"<p>(EN) THE CONFERENCE VOLUME will be published by TECHNOMEDIA Publishing House in Sibiu &#8211; a CNCSIS accredited publishing house and recognized by the CNATDCU specialized committee. PUBLICATION RULES: 1. No more than two proposals from an author are accepted, of which one is the sole author and the second is a co-author. 2. Proposals must [&hellip;]<\/p>\n","protected":false},"author":2,"featured_media":0,"parent":352,"menu_order":0,"comment_status":"closed","ping_status":"closed","template":"","meta":[],"_links":{"self":[{"href":"https:\/\/centers.ulbsibiu.ro\/ccsprise\/wp-json\/wp\/v2\/pages\/362"}],"collection":[{"href":"https:\/\/centers.ulbsibiu.ro\/ccsprise\/wp-json\/wp\/v2\/pages"}],"about":[{"href":"https:\/\/centers.ulbsibiu.ro\/ccsprise\/wp-json\/wp\/v2\/types\/page"}],"author":[{"embeddable":true,"href":"https:\/\/centers.ulbsibiu.ro\/ccsprise\/wp-json\/wp\/v2\/users\/2"}],"replies":[{"embeddable":true,"href":"https:\/\/centers.ulbsibiu.ro\/ccsprise\/wp-json\/wp\/v2\/comments?post=362"}],"version-history":[{"count":9,"href":"https:\/\/centers.ulbsibiu.ro\/ccsprise\/wp-json\/wp\/v2\/pages\/362\/revisions"}],"predecessor-version":[{"id":994,"href":"https:\/\/centers.ulbsibiu.ro\/ccsprise\/wp-json\/wp\/v2\/pages\/362\/revisions\/994"}],"up":[{"embeddable":true,"href":"https:\/\/centers.ulbsibiu.ro\/ccsprise\/wp-json\/wp\/v2\/pages\/352"}],"wp:attachment":[{"href":"https:\/\/centers.ulbsibiu.ro\/ccsprise\/wp-json\/wp\/v2\/media?parent=362"}],"curies":[{"name":"wp","href":"https:\/\/api.w.org\/{rel}","templated":true}]}}