{"id":2,"date":"2022-01-28T11:51:04","date_gmt":"2022-01-28T11:51:04","guid":{"rendered":"https:\/\/centers.ulbsibiu.ro\/ccsprise\/?page_id=2"},"modified":"2025-09-26T06:01:40","modified_gmt":"2025-09-26T06:01:40","slug":"lhsa-page","status":"publish","type":"page","link":"https:\/\/centers.ulbsibiu.ro\/ccsprise\/lhsa-page\/","title":{"rendered":"Laboratorul pentru Analiza Securit\u0103\u021bii Umane"},"content":{"rendered":"\n<div class=\"wp-block-media-text alignwide is-stacked-on-mobile\" style=\"grid-template-columns:37% auto\"><figure class=\"wp-block-media-text__media\"><img loading=\"lazy\" width=\"1024\" height=\"682\" src=\"https:\/\/centers.ulbsibiu.ro\/ccsprise\/wp-content\/uploads\/su-picture-1-1024x682.jpg\" alt=\"\" class=\"wp-image-176 size-full\" srcset=\"https:\/\/centers.ulbsibiu.ro\/ccsprise\/wp-content\/uploads\/su-picture-1-1024x682.jpg 1024w, https:\/\/centers.ulbsibiu.ro\/ccsprise\/wp-content\/uploads\/su-picture-1-300x200.jpg 300w, https:\/\/centers.ulbsibiu.ro\/ccsprise\/wp-content\/uploads\/su-picture-1-768x512.jpg 768w, https:\/\/centers.ulbsibiu.ro\/ccsprise\/wp-content\/uploads\/su-picture-1-1200x800.jpg 1200w, https:\/\/centers.ulbsibiu.ro\/ccsprise\/wp-content\/uploads\/su-picture-1.jpg 1280w\" sizes=\"(max-width: 1024px) 100vw, 1024px\" \/><\/figure><div class=\"wp-block-media-text__content\">\n<p class=\"has-normal-font-size\"><sup>Laboratorul pentru Analiza Securit\u0103\u021bii Umane (LASU) reprezint\u0103 o structur\u0103 a Centrului de Cercetare \u00een \u0218tiin\u021be Politice, Rela\u021bii Interna\u021bionale \u0219i Studii Europene (afiliat Departamentului de Rela\u021bii Interna\u021bionale, \u0218tiin\u021be Politice \u0219i Studii de Securitate, din cadrul Facult\u0103\u021bii de \u0218tiin\u021be Socio-Umane, Universitatea \u201eLucian Blaga\u201d din Sibiu. LASU \u00ee\u0219i propune s\u0103 cerceteze fundamentele teoretice ale securit\u0103\u021bii umane \u0219i aplicabilitatea acestora \u00een domeniile economic, social, politic, al securit\u0103\u021bii cibernetice, alimentare, s\u0103n\u0103t\u0103\u021bii, mediului, securit\u0103\u021bii personale etc., \u00een contextul noilor amenin\u021b\u0103ri din mediul de securitate na\u021bional \u0219i interna\u021bional. Pentru \u00eendeplinirea misiunii sale, LASU va utiliza urm\u0103toarele instrumente de lucru: organizarea de conferin\u021be, workshop-uri, dezbateri \u0219i alte categorii de evenimente, la care vor fi invita\u021bi exper\u021bi (academicieni, cercet\u0103tori, reprezentan\u021bi ai societ\u0103\u021bii civile, juri\u0219ti, oficiali, jurnali\u0219ti); publicarea rezultatelor cercet\u0103rii \u0219tiin\u021bifice \u00een volume, studii, articole, rapoarte, policy papers, policy briefs etc.;depunerea de proiecte \u00een competi\u021bii organizate de organiza\u021bii \u0219i funda\u021bii interna\u021bionale, institu\u021bii guvernamentale \u0219i neguvernamentale, individual sau \u00een parteneriat, pentru ob\u021binerea finan\u021b\u0103rii necesare proiectelor proprii de cercetare; diseminarea de informa\u021bii privind evenimente \u0219i fenomene recente referitoare la amenin\u021b\u0103rile la adresa securit\u0103\u021bii umane, prin intermediul propriului site\/blog, precum \u0219i prin comunicate de pres\u0103 transmise c\u0103tre mass-media.<\/sup><\/p>\n<\/div><\/div>\n\n\n\n<p class=\"has-small-font-size\">Laboratory for Human Security Analysis is a structure of the Research  Center in Political Sciences, International Relations and European Studies (affiliated with the Department of International Relations, Political Science and Security Studies, Faculty of Social Sciences and Humanities, Lucian Blaga University of Sibiu).<\/p>\n\n\n\n<p class=\"has-small-font-size\">Laboratory for Human Security Analysis aims to research the theoretical fundamental human security basics and its applications in the economic, social, political, food security, health, environmental, personal, etc., in the context of new threats within the national and international security environment. To accomplish its mission, LHSA will use the following working tools organizing   &#8211; conferences, workshops, debates, and other categories of events, to which experts (academics, researchers, civil society representatives, lawyers, officials, journalists); &#8211; publishing scientific research in volumes, studies, articles, reports, policy papers, policy briefs, etc.; &#8211; submission of projects in competitions organized by international organizations and foundations, governmental and non-governmental institutions, on their own or in partnership, to obtain the funding for their own research projects; &#8211; disseminating information on recent events and phenomena regarding the threats on human security, through its own website\/blog, as well as through press releases sent to  media.<\/p>\n\n\n\n<p><\/p>\n","protected":false},"excerpt":{"rendered":"<p>Laboratorul pentru Analiza Securit\u0103\u021bii Umane (LASU) reprezint\u0103 o structur\u0103 a Centrului de Cercetare \u00een \u0218tiin\u021be Politice, Rela\u021bii Interna\u021bionale \u0219i Studii Europene (afiliat Departamentului de Rela\u021bii Interna\u021bionale, \u0218tiin\u021be Politice \u0219i Studii de Securitate, din cadrul Facult\u0103\u021bii de \u0218tiin\u021be Socio-Umane, Universitatea \u201eLucian Blaga\u201d din Sibiu. LASU \u00ee\u0219i propune s\u0103 cerceteze fundamentele teoretice ale securit\u0103\u021bii umane \u0219i aplicabilitatea [&hellip;]<\/p>\n","protected":false},"author":1,"featured_media":0,"parent":0,"menu_order":0,"comment_status":"closed","ping_status":"open","template":"","meta":[],"_links":{"self":[{"href":"https:\/\/centers.ulbsibiu.ro\/ccsprise\/wp-json\/wp\/v2\/pages\/2"}],"collection":[{"href":"https:\/\/centers.ulbsibiu.ro\/ccsprise\/wp-json\/wp\/v2\/pages"}],"about":[{"href":"https:\/\/centers.ulbsibiu.ro\/ccsprise\/wp-json\/wp\/v2\/types\/page"}],"author":[{"embeddable":true,"href":"https:\/\/centers.ulbsibiu.ro\/ccsprise\/wp-json\/wp\/v2\/users\/1"}],"replies":[{"embeddable":true,"href":"https:\/\/centers.ulbsibiu.ro\/ccsprise\/wp-json\/wp\/v2\/comments?post=2"}],"version-history":[{"count":15,"href":"https:\/\/centers.ulbsibiu.ro\/ccsprise\/wp-json\/wp\/v2\/pages\/2\/revisions"}],"predecessor-version":[{"id":899,"href":"https:\/\/centers.ulbsibiu.ro\/ccsprise\/wp-json\/wp\/v2\/pages\/2\/revisions\/899"}],"wp:attachment":[{"href":"https:\/\/centers.ulbsibiu.ro\/ccsprise\/wp-json\/wp\/v2\/media?parent=2"}],"curies":[{"name":"wp","href":"https:\/\/api.w.org\/{rel}","templated":true}]}}