{"id":49,"date":"2024-06-30T07:10:46","date_gmt":"2024-06-30T07:10:46","guid":{"rendered":"https:\/\/centers.ulbsibiu.ro\/ccmd\/?page_id=49"},"modified":"2026-01-05T16:12:09","modified_gmt":"2026-01-05T16:12:09","slug":"activitate-stiintifica","status":"publish","type":"page","link":"https:\/\/centers.ulbsibiu.ro\/ccmd\/activitate-stiintifica\/","title":{"rendered":"Activitate \u0219tiin\u021bific\u0103"},"content":{"rendered":"\n<p>Articole publicate reviste de specialitate din \u0163ar\u0103 \u015fi str\u0103in\u0103tate (cu precizarea categoriilor: Web of Science\/ Scopus\/ ERIH+\/ alte baze de date interna\u021bionale);<\/p>\n\n\n\n<ol>\n<li>Hulka I, Mirza-Rosca JC, Buzdugan D, Saceleanu A. Microstructure and Mechanical Characteristics of Ti-Ta Alloys before and after NaOH Treatment and Their Behavior in Simulated Body Fluid. Materials. 2023; 16(5):1943. https:\/\/doi.org\/10.3390\/ma16051943. WoS \u2013 Q2<\/li>\n\n\n\n<li>B\u0103cil\u0103 C, \u0218tef L, Bucu\u021b\u0103 M, Anghel CE, Neam\u021bu B, Boicean A, Mohor C, \u0218te\u021biu AA, Roman M. The Impact of the COVID-19 Pandemic on the Management of Mental Health Services for Hospitalized Patients in Sibiu County\u2014Central Region, Romania. Healthcare. 2023; 11(9):1291. https:\/\/doi.org\/10.3390\/healthcare11091291. WoS \u2013 Q2<\/li>\n\n\n\n<li>Boitor O, Stoica F, Mihaila R, Stoica LF, Stef L, Automated machine learning to develop predicitive models of metabolic syndromein patients with periodontal disease. Diagnostics ISSN: 2075-4418, 13(24) articol 3631, WoS \u2013 Q2.<\/li>\n\n\n\n<li>Fratila, A ; Jimenez-Marcos, C ; Mirza-Rosca, JC ; Saceleanu, A. Mechanical properties and biocompatibility of various cobalt chromium dental alloys. Materials chemistry and physics. 304(127867), 2023, DOI: 10.1016\/j.matchemphys.2023.127867. WoS \u2013 Q2<\/li>\n\n\n\n<li>Jim\u00e9nez-Marcos C, Mirza-Rosca J.C., Fratila A., Saceleanu A, Influence and Comparison of the Properties of Three Cobalt-Chromium Dental Alloys, Microscopy and Microanalysis, 29(suppl 1)2023: 156\u2013160, https:\/\/doi.org\/10.1093\/micmic\/ozad067.071 WoS \u2013 Q3<\/li>\n\n\n\n<li>Mirza-Rosca J. C., Hulka I, Fratila A.,, Saceleanu A., Surface Characterization of 5M NaOH Treated Ti-Ta Alloys Exposed to Simulated Body Fluid, Microscopy and Microanalysis, 29(supl 1)2023: 1259\u20131261, https:\/\/doi.org\/10.1093\/micmic\/ozad067.645. Wos \u2013 Q3<\/li>\n\n\n\n<li>Stanila A, Iona\u0219 M., Dancila A., Stef, L., Is ultrasonic dental scaling a risk-free dental procedure? International Journal of Medical Dentistry, ISSN 2066-6063, Vol27(1):17-22, 2023. WoS &#8211; ESCI<\/li>\n\n\n\n<li>Albertina Stanila, M.Ionas, A review on therapeutic management of oral xerostomia,Romanian Journal of oral rehabilitation, ISSN 2066-7000, 2024,vol.16, aprilie -iunie,nr.2,pg.10-17<\/li>\n\n\n\n<li>Ionas T.H, Ionas M., Evaluation of current knowledge level on data security of people working in a medical environment, Romanian journal of oral rehabilitation, ISSN, 2066-7000, 6(2):77-85, 2024<\/li>\n\n\n\n<li>Duic\u0103, L.; Antonescu, E.; Totan, M.; Antonescu, O.R.; Bo\u021ba, G.; Maniu, I.; Pirlog, M.C.; Sili\u0219teanu, S.C. Perceived Stress, Resilience and Emotional Intelligence in Romanian Healthcare Professionals. Healthcare 2024, 12, 2336. https:\/\/doi.org\/10.3390\/healthcare12232336<\/li>\n\n\n\n<li>Teacoe, D.A.; Cormos, , R.C.;Toma, D.A.; S, tef, L.; Cucerea, M.;Mut, iu, I.; Chicea, R.; Popescu, D.;Chicea, E.D.; Boicean, A.G.; et al.Congenital Sepsis with Candida albicans\u2014A Rare Event in the Neonatal Period: Report of Two Cases and Literature Review.Microorganisms 2024, 12, 1869<\/li>\n\n\n\n<li>Tene, T.; Fratila, A.M.; Arcas, V.C.; Sava, M.; Roman-Filip, C. Diode Laser with Scaling and Root Planing for Treating Generalized Periodontitis: Case Report and Analysis of the Relevant Literature. Reports 2024, 7, 109, doi:10.3390\/reports7040109.<\/li>\n\n\n\n<li>Arcas, V.C.; Fratila, A.M.; Moga, D.F.C.; Roman-Filip, I.; Arcas, A.-M.C.; Roman-Filip, C.; Sava, M. A Literature Review and Meta-Analysis on the Potential Use of miR-150 as a Novel Biomarker in the Detection and Progression of Multiple Sclerosis. J. Pers. Med. 2024, 14, 29. 10.3390\/jpm14080815<\/li>\n\n\n\n<li>Hulka, I.; Mirza-Rosca, J.C.; Saceleanu, A.; U\u021bu, I.-D. Microstructure, Hardness and EIS Evaluation of Ti-15Zr-5Nb Dental Alloy. Crystals 2024, 14, 602, doi:10.3390\/cryst14070602.<\/li>\n\n\n\n<li>Duic\u0103 L, Antonescu E, Totan M, Antonescu O.R, Bo\u021ba G, Ionela Maniu I, P\u00eerlog M.C, Sili\u0219teanu S.C, Perceived stress, resilience and emotional intelligence in Romanian healthcare professionals, Healthcare, vol.12, nr.23, 2024, DOI: 10.51865\/JESP.2024.2.24<\/li>\n\n\n\n<li>Sava, M.; Vintila, B.I.; Bereanu, A.S.; Fratila, A.M.; Codru, I.R. Lessons from Four Years (2021\u20132024) of Klebsiella Pneumoniae Resistance Surveillance Epidemiological Trends in a Romanian Intensive Care Unit. Antibiotics 2025, 14, 825, doi:10.3390\/antibiotics14080825.<\/li>\n\n\n\n<li>Oprea, M.; Pandele, A.M.; Enachescu, C.I.; Antoniac, I.V.; Voicu, S.I.; Fratila, A.M. Crown Ether-Functionalized Polyethersulfone Membranes with Potential Applications in Hemodialysis. Polymers 2025, 17, 2184, doi:10.3390\/polym17162184.<\/li>\n\n\n\n<li>Fratila, A.M.; Saceleanu, A.; Arcas, V.C.; Fratila, N.; Earar, K. Enhancing Intraoral Scanning Accuracy: From the Influencing Factors to a Procedural Guideline. Journal of Clinical Medicine 2025, 14, 3562, doi:10.3390\/jcm14103562.<\/li>\n\n\n\n<li>Ghiban, B.; Bordeasu, I.; Antoniac, A.; Antoniac, I.; Gheorghe, C.M.; Bordeasu, D.; Micu, L.M.; Ghera, C.; Salcianu, L.C.; Florea, B.; et al.; Fratila, A.M.; Influence of Homogenization Heat Treatments on the Mechanical, Structural, Biodegradation, and Cavitation Behavior of Some Alloys in the ZnMg(Fe) System. Crystals 2025, 15, 458, doi:10.3390\/cryst15050458.<\/li>\n\n\n\n<li>Oprea, M.; Pandele, A.M.; Nechifor, A.C.; Nicoara, A.I.; Antoniac, I.V.; Semenescu, A.; Voicu, S.I.; Enachescu, C.I.; Fratila, A.M. Improved Biomineralization Using Cellulose Acetate\/Magnetic Nanoparticles Composite Membranes. Polymers 2025, 17, 209, doi:10.3390\/polym17020209.<\/li>\n\n\n\n<li>Nasrabadi, H.N.; Robu, A.; Ciocoiu, R.; Dumitrescu, R.; Necsulescu, D.A.; Fratila, A.M. Evaluation of Surface Properties in 316l Stainless Steel Orthopedic Implants. U.P.B. Sci. Bull., Series B 2025, 87, 187\u2013200.<\/li>\n\n\n\n<li>Robu, A.; Kaya, M.G.A.; Antoniac, A.; Pieptea, E.; Necsulescu, A.; Raiciu, A.D.; Gherghina, M.E.; Maria, A. Collagen-Based Bioactive Wound Dressings Loader with Basil Essential Oil and Hydroxyapatite. U.P.B. Sci. Bull., Series B 2025, 87, 179\u2013190.<\/li>\n\n\n\n<li>Marian, D.; Toro, G.; D\u2019Amico, G.; Trotta, M.C.; D\u2019Amico, M.; Petre, A.; Lile, I.; Hermenean, A.; Fratila, A. Challenges and Innovations in Alveolar Bone Regeneration: A Narrative Review on Materials, Techniques, Clinical Outcomes, and Future Directions. Medicina 2025, 61, 20, doi:10.3390\/medicina61010020.<\/li>\n\n\n\n<li>P\u0103curar, C., Mesaro\u0219, O., \u0218te\u021biu, A. A., Bucur, S. M., Mihai, C. N., &amp; P\u0103curar, M. (2025). Impaction Predictors and Diagnostic Performance of CBCT Versus Panoramic Radiography for Supernumerary Teeth in a Romanian Multicenter Cohort. Diagnostics, 15(23), 3019. In curs de Indexare<\/li>\n\n\n\n<li>Cornea, M., Vintil\u0103, B. I., Bucu\u021ba, M., \u0218tef, L., Anghel, C. E., Grama, A. M., B\u0103cil\u0103, C. I. (2025). Efficacy of Transcranial Direct Current Stimulation and Photobiomodulation in Improving Cognitive Abilities for Alzheimer\u2019s Disease: A Systematic Review. Journal of Clinical Medicine, 14(5), 1766. WOS:001445133500001<\/li>\n\n\n\n<li>Marcov, E. C., Burliba\u0219a, M., Marcov, N., C\u0103mini\u0219teanu, F., \u0218te\u021biu, A. A., Popescu, M.; Bodnar, D. C. (2025). The Evaluation of Restored Proximal Contact Areas with Four Direct Adherent Biomaterials: An In Vitro Study. Journal of Functional Biomaterials, 16(4), 128. WOS:001476627500001<\/li>\n\n\n\n<li>Caministeanu, F., Perieanu, V. S., Popa, A. S., Manolescu, L. S. C., Stetiu, A. A., Costea, R. C. Burlibasa, L. (2025). Assessing the Genotoxic Impact of Ni-Cr Alloys in Dental Prosthodontics: A Preliminary Comparative Analysis with and Without Beryllium. Oral, 5(2), 32. WOS:001515555300001<\/li>\n\n\n\n<li>Popescu, M., Perieanu, V. S., Burliba\u0219a, M., Vorovenci, A., Mali\u021ba, M. A., Petri, D. C.; Burliba\u0219a, L. (2025). Comparative Cost-Effectiveness of Resin 3D Printing Protocols in Dental Prosthodontics: A Systematic Review. Prosthesis, 7(4), 78. WOS:001557455700001<\/li>\n\n\n\n<li>Popescu, M., Mali\u021ba, M., Vorovenci, A., \u0218te\u021biu, A. A., Perieanu, V. \u0218., Costea, R. C., Burliba\u0219a, M. (2025). Wet vs. Dry Dentin Bonding: A Systematic Review and Meta-Analysis of Adhesive Performance and Hybrid Layer Integrity. Oral, 5(3), 63. WOS:001582039400001<\/li>\n\n\n\n<li>Radu, I.A.; Ognean, M.L.;S, tef, L.; Giurgiu, D.I.; Cucerea, M.;Gheonea, C. Vitamin D: What WeKnow and What We Still Do Not Know About Vitamin D in Preterm Infants\u2014A Literature Review.Children 2025, 12, 392<\/li>\n\n\n\n<li>Lomnasan, A.; Vintil\u0103, B.I.;Bucut, a, M.; S, tef, L.; Anghel, C.E.;Grama, A.M.; Cornea, M.; Boicean, A.;Ichim, C.; Paziuc, L.C.; et al. The Use of Phototherapy for the Treatment of Non-Seasonal Depression: A Systematic Review of Efficacy and Safety. J. Clin. Med. 2025, 14, 1756<\/li>\n\n\n\n<li>Jim\u00e9nez-Marcos, C.; Mirza-Rosca, J.C.; Vermesan, D.; Saceleanu, A. Evaluation of the Structure, Microhardness and Corrosion Properties of Cobalt-Chromium Dental Alloys with Two Different Cooling Media. Inter Metalcast 2025, 19, 3220\u20133233, doi:10.1007\/s40962- 025-01596-6.<\/li>\n\n\n\n<li>Iona\u0219, T.H.; Iona\u0219, M.; Chicea, R.; D\u0103d\u00e2rlat, D.A.; \u0218tef, L. Assessing the Oral Microbiome in Women of Reproductive Age: A Narrative Review. Clin. Pract. 2025, 15, 206. https:\/\/doi.org\/10.3390\/clinpract15110206<\/li>\n\n\n\n<li>D\u2019Albis G., Forte M., Stef L., Feier D.R.,Diaz Flores Garc\u00eda V., Corsalini M.,Capodiferro S., A Digital Workflow for Virtual Articulator Mounting Using Face Scan and Facebow Capture: A Proof-of-Concept. Dentistry Journal 2025, 13, 378 https:\/\/doi.org\/10.3390\/dj13080378<\/li>\n\n\n\n<li>Giannelli A., Marta Forte M., Giuseppe D\u2019Albis G.,, Giulia Cianciotta 2, Limongelli L., Stef L., Feier R., Alrashadah A.O., Corsalini M,, Capodiferr S.,Utilization of Platelet-Rich Plasma in Oral Surgery: A Systematic Review of the Literature. J. Clin. Med. 2025, 14, 2844 doi: 10.3390\/jcm14082844. PMID: 40283674; PMCID: PMC12027928.<\/li>\n\n\n\n<li>Oprinca-Muja, L.-A.; Cristian, A.-N.; Top\u00eercean, E.; Cristian, A.; Popa, M.F.; Domnariu, H.P.; Atasie, D.; Oprinca, G.-C.; Morar, S. Understanding Burnout in Forensic Medicine and the Interaction of Job Satisfaction and Unconditional Self-Acceptance: A Cross-Sectional Study. Healthcare 2025, 13, 1169. https:\/\/doi.org\/10.3390\/healthcare13101169<\/li>\n\n\n\n<li>Antonescu, E.; Stef, L.; Bota, G.; Dinu, A.; Antonescu, O.-R.; Cristian, A. The Importance of Cone Beam Computed Tomography (CBCT) as a Modern and Essential Radiodiagnostic Techniquein the Evaluation of Odonto-Periodontal Pathology in Diabetic Patients. Appl. Sci. 2025, 15, 9238. https:\/\/doi.org\/10.3390\/app15179238<\/li>\n<\/ol>\n\n\n\n<p>BDI<\/p>\n\n\n\n<ol>\n<li>Dinu A, Cristian A. The importance of il1b analysis innthe progression of periodontitis in patients with dibetes mellitus. Acta Medica Transilvanica, 2023. BDI<\/li>\n\n\n\n<li>St\u0103nil\u0103 A., Iona\u0219 M, Iona\u0219 T.H., Are intermaxillary relationships in the canine area a predictor for intermaxillary relationships in the molar area? International Journal of Medical Dentistry, ISSN 2066-6063, Vol27(3):509-514, 2023. BDI<\/li>\n\n\n\n<li>Cristian A., \u0218tetiu A.A., ota. interdental cavity processes of the lateral group. International Journal of Medical Dentistry 27(4):578-584, 2023. BDI<\/li>\n\n\n\n<li>Dancila A., IonasM., St\u0103nil\u0103 A.,The frequency of temporomandibular disorders, International Journal of Medical Dentistry, ISSN 2066-6063, Vol27(4):607-614, 2023 BDI<\/li>\n\n\n\n<li>Drafta S., Burliba\u0219a M., Ionescu R.G., Popescu M, C\u0103mini\u0219teanu F., Burliba\u0219a A., \u0218te\u0163iuA.A., Dimitriu B.A.. Medici stomatologi &#8211; militari \u00een timpul celui de-al doilea r\u0103zboi mondial \u00een armata francez\u0103 \u0219i \u00een armata german\u0103 . Dental Target, vol XVIII, nr. 3-4 (68-69):74-77, 12.2023. BDI<\/li>\n\n\n\n<li>Boitor O., \u0218tef L., Antonescu E., Stoica F., Mih\u0103il\u0103 R., The importance of some risk factors in patients presenting the association of metabolic syndrome with periodontal disease. Acta Medica Transilvanica, 2023, 28(1): 53, BDI<\/li>\n\n\n\n<li>Josan L., Ormenisan A., Teodorescu E., Stef L., Salcudean A., Pacurar M., Psychosomatics of the impact of dental radiological investigations on the patient. Romanian Journal of Stomatology, 2023, 69(1): p22. DOI: 10.37897\/RJS. BDI<\/li>\n\n\n\n<li>Albertina Stanila, T. Ionas, M. Ionas, Difficulties in finding relevant papers about endodontic surgery in pubmed, , Acta Medica Transilvanica vol. 29, no. 4, 2024, pg. 26-30,Online ISSN 2285-7079<\/li>\n<\/ol>\n\n\n\n<p>Neindexate<\/p>\n\n\n\n<ol>\n<li>Mitariu L., Mitariu M, Dahm-Tataru C.A., Taut M., Ciobanu P. Dental and periodontal lesions and temporomandibular disorders. case study. Sea- practical application of science , 11 (31), 2023: 29-31 \u2013 neindexat<\/li>\n<\/ol>\n\n\n\n<p>Lucr\u0103ri publicare \u00een proceedingurile conferin\u021belor (indexate\/neindexate);<\/p>\n\n\n\n<ol>\n<li>Iona\u0219 M.. Reabilitarea protetica intre clasic \u0219i digital, Zilele Medicinii Dentare Sibiene, 23-25 noiembrie 2023 ISSN 2537-3501, ISSN-L 2537-3501, pag.11<\/li>\n\n\n\n<li>Iona\u0219 M.. Importan\u021ba tehnicilor de fa\u021betare, Zilele Medicinii Dentare Sibiene, 23-25 noiembrie 2023 ISSN 2537-3501, ISSN-L 2537-3501, pag.11<\/li>\n\n\n\n<li>Fra\u021bil\u0103 A., Aliaje metalice utilizate pentru framework-ul restaurarilor protetice: de la compozi\u021bie la propriet\u0103\u021bi mecanice. Zilele Medicinii Dentare Sibiene 23-25 noiembrie 2023 ISSN 2537-3501, ISSN-L 2537-3501, pag. 14.<\/li>\n\n\n\n<li>Bota G., Tehnici de succes in endodontie, Zilele Medicinii Dentare Sibiene 23-25 noiembrie 2023 ISSN 2537-3501, ISSN-L 2537-3501, pag. 14.<\/li>\n\n\n\n<li>Bota G., Istoria zoom continua, Zilele Medicinii Dentare Sibiene 23-25 noiembrie 2023 ISSN 2537-3501, ISSN-L 2537-3501 pag. 15<\/li>\n\n\n\n<li>Stetiu A.A., Controlul infectiei parodontale \u2013 concepte clinice, Zilele Medicinii Dentare Sibiene 23-25 noiembrie 2023 ISSN 2537-3501, ISSN-L 2537-3501 pag. 15<\/li>\n\n\n\n<li>Stetiu A.A., Retrac\u021bia gingivala \u2013 posibilitati terapeutice, Zilele Medicinii Dentare Sibiene 23-25 noiembrie 2023 ISSN 2537-3501, ISSN-L 2537-3501 pag. 16<\/li>\n\n\n\n<li>Stef L., Medicatia antitrombotica a pacientului, o provocare pentru medicul stomatolog? Zilele Medicinii Dentare Sibiene 23-25 noiembrie 2023 ISSN 2537-3501, ISSN-L 2537-3501 pag. 17<\/li>\n\n\n\n<li>Stef L., Semne si simptome ale cavitatii orale, semne de alarma pentru medical stomatolog? Zilele Medicinii Dentare Sibiene 23-25 noiembrie 2023 ISSN 2537-3501, ISSN-L 2537-3501 pag. 18<\/li>\n\n\n\n<li>Cristian A., Restaurari protetice fixe pe implante dentare, Zilele Medicinii Dentare Sibiene 23-25 noiembrie 2023 ISSN 2537-3501, ISSN-L 2537-3501 pag. 21<\/li>\n\n\n\n<li>Cristian A., Tratamentul conservativ al discromiilor dentare, Zilele Medicinii Dentare Sibiene 23-25 noiembrie 2023 ISSN 2537-3501, ISSN-L 2537-3501 pag. 21<\/li>\n\n\n\n<li>Dahm-Tataru C.A., Alegerea tipului de material pentru suprastructurile din zona laterala, Zilele Medicinii Dentare Sibiene 23-25 noiembrie 2023 ISSN 2537-3501, ISSN-L 2537-3501 pag. 23<\/li>\n\n\n\n<li>Dahm-Tataru C.A., Consideratii ocluzale in conceperea suprastructurii protetice a zonei laterale, Zilele Medicinii Dentare Sibiene 23-25 noiembrie 2023 ISSN 2537-3501, ISSN-L 2537-3501 pag. 23<\/li>\n\n\n\n<li>Mona Iona\u0219, Managementul pacientului cheia succesului \u00een cabinetul stomatologic Zilele Medicinii Dentare Sibiene, 21-23 noiembrie 2024 ISSN 2537-3501, ISSN-L 2537-3501, pag.17<\/li>\n\n\n\n<li>Mona Iona\u0219, Conservarea \u021besuturilor dentare \u00een restaur\u0103rile protetice,Zilele Medicinii Dentare Sibiene 21-23 noiembrie 2024 ISSN 2537-3501, ISSN-L 2537-3501, pag.18<\/li>\n\n\n\n<li>\u0218te\u021biu Andreea, Proceduri clinice \u00een monitorizarea infec\u021biei parodontale, Zilele Medicinii Dentare Sibiene 21-23 noiembrie 2024 ISSN 2537-3501, ISSN-L 2537-3501, pag 40<\/li>\n\n\n\n<li>\u0218te\u021biu Andreea, Managementul terapiei laser \u00een boala parodontal\u0103, Zilele Medicinii Dentare Sibiene 21-23 noiembrie 2024 ISSN 2537-3501, ISSN-L 2537-3501, pag 40<\/li>\n\n\n\n<li>Dahm Tataru Cristina Adriana, Estetica in protezarea fixa, Zilele Medicinii Dentare Sibiene, 21-23 noiembrie 2024 ISSN 2537-3501, ISSN-L 2537-3501,pag 29<\/li>\n\n\n\n<li>Dahm Tataru Cristina Adriana, Restaurari protetice in zona laterala, Zilele Medicinii Dentare Sibiene, 21-23 noiembrie 2024 ISSN 2537-3501, ISSN-L 2537-3501,pag 30<\/li>\n\n\n\n<li>\u0218tef Laura. Abordarea stomatologica a pacientilor cu risc de MRNOJ, Zilele Medicinii Dentare Sibiene, 21-23 noiembrie 2024 ISSN 2537-3501, ISSN-L 2537-3501,pag 44<\/li>\n\n\n\n<li>Stef Laura, Actinomicoza sau MRNOJ? O prezentare de caz, Zilele Medicinii Dentare Sibiene, 21-23 noiembrie 2024 ISSN 2537-3501, ISSN-L 2537-3501,pag 45<\/li>\n\n\n\n<li>Bota Gabriela , MTA ca strategie alternativa de tratament la pacientii cu diverse afectiuni ale pulpei dentare, Zilele Medicinii Dentare Sibiene, 21-23 noiembrie 2024 ISSN 2537-3501, ISSN-L 2537-3501,pag 47<\/li>\n\n\n\n<li>Cristian Alina, Metode de carioprofilaxie, Zilele Medicinii Dentare Sibiene, 21-23 noiembrie 2024 ISSN 2537-3501, ISSN-L 2537-3501,pag 50<\/li>\n\n\n\n<li>Cristian Alina, Microbiologia placii bacteriene, Zilele Medicinii Dentare Sibiene, 21-23 noiembrie 2024 ISSN 2537-3501, ISSN-L 2537-3501,pag 50<\/li>\n\n\n\n<li>Fratila Anca-Maria, Tulburarile temporo-mandibulare si imagistica CBCT, Zilele Medicinii Dentare Sibiene, 21-23 noiembrie 2024 ISSN 2537-3501, ISSN-L 2537-3501,pag 60<\/li>\n\n\n\n<li>Fratila Anca-Maria, Studii de inginerie biomedicala pentru optimizarea si cresterea longevitatii tratamentului protetic, Zilele Medicinii Dentare Sibiene, 21-23 noiembrie 2024 ISSN 2537-3501, ISSN-L 2537-3501,pag 60<\/li>\n\n\n\n<li>Saceleanu Adriana, Proprietatile mecanice si biocompatibilitatea unor aliaje de crom-cobalt, Zilele Medicinii Dentare Sibiene, 21-23 noiembrie 2024 ISSN 2537-3501, ISSN-L 2537-3501,pag 64<\/li>\n\n\n\n<li>Mona IONA\u0218 , Planul de tratament protetic de la clasic la digital , Zilele Medicinii Dentare Sibiene, 20-22 noiembrie 2025 ISSN 2537-3501, ISSN-L 2537-3501,pag, 3<\/li>\n\n\n\n<li>Anca-Maria FR\u0102\u0162IL\u0102 , Utilizarea tomografiei computerizate cu fascicol conic \u00een identificarea modific\u0103rilor osteo-articulare \u00een disfunc\u021bia temporomandibular\u0103 , Zilele Medicinii Dentare Sibiene, 20-22 noiembrie 2025 ISSN 2537-3501, ISSN-L 2537-3501,pag, 3<\/li>\n\n\n\n<li>Gabriela BO\u0162A , Endodon\u021bia ghidat\u0103 , Zilele Medicinii Dentare Sibiene, 20-22 noiembrie 2025 ISSN 2537-3501, ISSN-L 2537-3501,pag, 5<\/li>\n\n\n\n<li>Andreea \u015eTE\u0162IU , Interac\u021biunea bidirec\u021bional\u0103 dintre boala parodontal\u0103 \u0219i afec\u021biunile sistemice: implica\u021bii clinice \u0219i terapeutice , Zilele Medicinii Dentare Sibiene, 20-22 noiembrie 2025 ISSN 2537-3501, ISSN-L 2537-3501,pag, 7<\/li>\n\n\n\n<li>Laura \u0218TEF , Medica\u021bia modulatoare osoasa, o provocare pentru medicul stomatolog , Zilele Medicinii Dentare Sibiene, 20-22 noiembrie 2025 ISSN 2537-3501, ISSN-L 2537-3501,pag, 9<\/li>\n\n\n\n<li>Adriana S\u0102CELEANU, Alexia TROANC\u0102 , Tehnici de restaurare cu materiale compozite \u00een zona posterioar\u0103 , Zilele Medicinii Dentare Sibiene, 20-22 noiembrie 2025 ISSN 2537-3501, ISSN-L 2537-3501,pag, 24<\/li>\n\n\n\n<li>Albertina ST\u0102NIL\u0102 , Influen\u021ba posturii corporale asupra ocluziei dentare , Zilele Medicinii Dentare Sibiene, 20-22 noiembrie 2025 ISSN 2537-3501, ISSN-L 2537-3501,pag, 25<\/li>\n\n\n\n<li>Laura \u0218TEF, Corina Maria MUNTEAN (MOLDOVAN) , Mronj \u2013 analiz\u0103 succint\u0103 cu date esen\u021biale privind profilaxia \u0219i tratamentul , Zilele Medicinii Dentare Sibiene, 20-22 noiembrie 2025 ISSN 2537-3501, ISSN-L 2537-3501,pag, 26<\/li>\n\n\n\n<li>Andreea \u015eTE\u0162IU, Oana S\u00c2IA , Efecte psiho-sociale asociate tratamentului ortodontic , Zilele Medicinii Dentare Sibiene, 20-22 noiembrie 2025 ISSN 2537-3501, ISSN-L 2537-3501,pag, 28<\/li>\n\n\n\n<li>Andreea \u015eTE\u0162IU, Ramona-Ioana CIOCA , Impactul consumului de \u021big\u0103ri electronice asupra statusului parodontal , Zilele Medicinii Dentare Sibiene, 20-22 noiembrie 2025 ISSN 2537-3501, ISSN-L 2537-3501,pag, 29<\/li>\n\n\n\n<li>Mona IONA\u0218 , Tehnici digitale de realizare a lucrarilor protetice , Zilele Medicinii Dentare Sibiene, 20-22 noiembrie 2025 ISSN 2537-3501, ISSN-L 2537-3501,pag, 29<\/li>\n\n\n\n<li>Andreea \u015eTE\u0162IU , Terapia laser \u00een boala parodontal\u0103 , Zilele Medicinii Dentare Sibiene, 20-22 noiembrie 2025 ISSN 2537-3501, ISSN-L 2537-3501,pag, 31<\/li>\n\n\n\n<li>Gabriela BO\u0162A , Tratamentul endodontic sub impactul cbct-ului , Zilele Medicinii Dentare Sibiene, 20-22 noiembrie 2025 ISSN 2537-3501, ISSN-L 2537-3501,pag, 33<\/li>\n\n\n\n<li>Laura \u0218TEF , Diagnosticul smart \u00een medicina \u0219i patologia oral\u0103 , Zilele Medicinii Dentare Sibiene, 20-22 noiembrie 2025 ISSN 2537-3501, ISSN-L 2537-3501,pag, 34<\/li>\n\n\n\n<li>Cristina Adriana DAHM-TATARU , Rela\u021bia dintre designul protezei fixe \u0219i echilibrul ocluzal: implica\u021bii clinice \u0219i biomecanice , Zilele Medicinii Dentare Sibiene, 20-22 noiembrie 2025 ISSN 2537-3501, ISSN-L 2537-3501,pag, 41<\/li>\n\n\n\n<li>Cristina Adriana DAHM-TATARU , Analiza ocluzal\u0103 digital\u0103 \u2013 instrument modern de optimizare a tratamentelor protetice , Zilele Medicinii Dentare Sibiene, 20-22 noiembrie 2025 ISSN 2537-3501, ISSN-L 2537-3501,pag, 42<\/li>\n\n\n\n<li>Alina CRISTIAN , Tehnici minim invazive \u0219i materiale bioactive \u00een odontoterapie , Zilele Medicinii Dentare Sibiene, 20-22 noiembrie 2025 ISSN 2537-3501, ISSN-L 2537-3501,pag, 44<\/li>\n\n\n\n<li>Alina CRISTIAN , Digitalizarea \u00een odontoterapie \u2013 scanere intraorale \u0219i utilizarea microscopului , Zilele Medicinii Dentare Sibiene, 20-22 noiembrie 2025 ISSN 2537-3501, ISSN-L 2537-3501,pag, 45<\/li>\n\n\n\n<li>Albertina ST\u0102NIL\u0102 , Clorhexidina , Zilele Medicinii Dentare Sibiene, 20-22 noiembrie 2025 ISSN 2537-3501, ISSN-L 2537-3501,pag, 46<\/li>\n<\/ol>\n","protected":false},"excerpt":{"rendered":"<p>Articole publicate reviste de specialitate din \u0163ar\u0103 \u015fi str\u0103in\u0103tate (cu precizarea categoriilor: Web of Science\/ Scopus\/ ERIH+\/ alte baze de date interna\u021bionale); BDI Neindexate Lucr\u0103ri publicare \u00een proceedingurile conferin\u021belor (indexate\/neindexate);<\/p>\n","protected":false},"author":1,"featured_media":0,"parent":0,"menu_order":0,"comment_status":"closed","ping_status":"closed","template":"","meta":{"footnotes":""},"_links":{"self":[{"href":"https:\/\/centers.ulbsibiu.ro\/ccmd\/wp-json\/wp\/v2\/pages\/49"}],"collection":[{"href":"https:\/\/centers.ulbsibiu.ro\/ccmd\/wp-json\/wp\/v2\/pages"}],"about":[{"href":"https:\/\/centers.ulbsibiu.ro\/ccmd\/wp-json\/wp\/v2\/types\/page"}],"author":[{"embeddable":true,"href":"https:\/\/centers.ulbsibiu.ro\/ccmd\/wp-json\/wp\/v2\/users\/1"}],"replies":[{"embeddable":true,"href":"https:\/\/centers.ulbsibiu.ro\/ccmd\/wp-json\/wp\/v2\/comments?post=49"}],"version-history":[{"count":11,"href":"https:\/\/centers.ulbsibiu.ro\/ccmd\/wp-json\/wp\/v2\/pages\/49\/revisions"}],"predecessor-version":[{"id":85,"href":"https:\/\/centers.ulbsibiu.ro\/ccmd\/wp-json\/wp\/v2\/pages\/49\/revisions\/85"}],"wp:attachment":[{"href":"https:\/\/centers.ulbsibiu.ro\/ccmd\/wp-json\/wp\/v2\/media?parent=49"}],"curies":[{"name":"wp","href":"https:\/\/api.w.org\/{rel}","templated":true}]}}