{"id":46,"date":"2024-06-30T06:42:41","date_gmt":"2024-06-30T06:42:41","guid":{"rendered":"https:\/\/centers.ulbsibiu.ro\/ccmd\/?page_id=46"},"modified":"2024-06-30T06:42:41","modified_gmt":"2024-06-30T06:42:41","slug":"organizare-institutionala","status":"publish","type":"page","link":"https:\/\/centers.ulbsibiu.ro\/ccmd\/organizare-institutionala\/","title":{"rendered":"Organizare institutional\u0103"},"content":{"rendered":"\n<h2 class=\"wp-block-heading\">Denumire oficial\u0103<\/h2>\n\n\n\n<p>Centrul de Cercetare \u00een Medicina Dentar\u0103<br>DENTAL MEDICINE RESEARCH CENTER<br><\/p>\n\n\n\n<h2 class=\"wp-block-heading\">Acronim<\/h2>\n\n\n\n<p>CCMD<\/p>\n\n\n\n<h2 class=\"wp-block-heading\">Date de infiin\u021bare<\/h2>\n\n\n\n<p>Hotarare Senat 361\/26.01.2023<br><\/p>\n\n\n\n<h2 class=\"wp-block-heading\">Apartenen\u021b\u0103 institu\u021bional\u0103<\/h2>\n\n\n\n<p>Facultatea de Medicin\u0103<\/p>\n\n\n\n<h2 class=\"wp-block-heading\">Date de contact<\/h2>\n\n\n\n<p>centru.ccmd@ulbsibiu.ro<br>https:\/\/centers.ulbsibiu.ro\/ccmd\/<\/p>\n\n\n\n<p><\/p>\n","protected":false},"excerpt":{"rendered":"<p>Denumire oficial\u0103 Centrul de Cercetare \u00een Medicina Dentar\u0103DENTAL MEDICINE RESEARCH CENTER Acronim CCMD Date de infiin\u021bare Hotarare Senat 361\/26.01.2023 Apartenen\u021b\u0103 institu\u021bional\u0103 Facultatea de Medicin\u0103 Date de contact centru.ccmd@ulbsibiu.rohttps:\/\/centers.ulbsibiu.ro\/ccmd\/<\/p>\n","protected":false},"author":1,"featured_media":0,"parent":0,"menu_order":0,"comment_status":"closed","ping_status":"closed","template":"","meta":{"footnotes":""},"_links":{"self":[{"href":"https:\/\/centers.ulbsibiu.ro\/ccmd\/wp-json\/wp\/v2\/pages\/46"}],"collection":[{"href":"https:\/\/centers.ulbsibiu.ro\/ccmd\/wp-json\/wp\/v2\/pages"}],"about":[{"href":"https:\/\/centers.ulbsibiu.ro\/ccmd\/wp-json\/wp\/v2\/types\/page"}],"author":[{"embeddable":true,"href":"https:\/\/centers.ulbsibiu.ro\/ccmd\/wp-json\/wp\/v2\/users\/1"}],"replies":[{"embeddable":true,"href":"https:\/\/centers.ulbsibiu.ro\/ccmd\/wp-json\/wp\/v2\/comments?post=46"}],"version-history":[{"count":1,"href":"https:\/\/centers.ulbsibiu.ro\/ccmd\/wp-json\/wp\/v2\/pages\/46\/revisions"}],"predecessor-version":[{"id":47,"href":"https:\/\/centers.ulbsibiu.ro\/ccmd\/wp-json\/wp\/v2\/pages\/46\/revisions\/47"}],"wp:attachment":[{"href":"https:\/\/centers.ulbsibiu.ro\/ccmd\/wp-json\/wp\/v2\/media?parent=46"}],"curies":[{"name":"wp","href":"https:\/\/api.w.org\/{rel}","templated":true}]}}