{"id":43,"date":"2024-06-30T06:37:11","date_gmt":"2024-06-30T06:37:11","guid":{"rendered":"https:\/\/centers.ulbsibiu.ro\/ccmd\/?page_id=43"},"modified":"2025-12-12T19:52:01","modified_gmt":"2025-12-12T19:52:01","slug":"organizarea-centrului","status":"publish","type":"page","link":"https:\/\/centers.ulbsibiu.ro\/ccmd\/organizarea-centrului\/","title":{"rendered":"Organizarea centrului"},"content":{"rendered":"\n<ol>\n<li>Director al CCMD: Prof. Dr. Iona\u015f Mona<\/li>\n\n\n\n<li>Consiliul \u0219tiin\u021bific (CS) al CCMD:\n<ul>\n<li>Prof. Dr. Iona\u015f Mona,<\/li>\n\n\n\n<li>Conf. \u0218tef Laura,<\/li>\n\n\n\n<li>Conf. Bo\u021ba Gabriela,<\/li>\n\n\n\n<li>Conf. Fratila Anca,<\/li>\n\n\n\n<li>Conf. \u0218te\u021biu Andreea<\/li>\n<\/ul>\n<\/li>\n\n\n\n<li>Responsabil economico-financiar (Director adjunct): Conf. dr. Laura \u0218tef<\/li>\n\n\n\n<li>Secretar \u0219tiin\u021bific: Conf. \u0218te\u021biu Andreea<\/li>\n\n\n\n<li>Responsabil rela\u021bii externe: Conf. Bo\u021ba Gabriela,<\/li>\n\n\n\n<li>Compartimente (Laboratoare) de cercetare: \n<ul>\n<li>cercetare medicina dentar\u0103 fundamental\u0103 \u0219i aplicat\u0103 coordinator \u0218.L. Dahm Cristina, <\/li>\n\n\n\n<li>cercetare \u00een tehnic\u0103 dentar\u0103 coordonator Conf. Fratila Anca,<\/li>\n<\/ul>\n<\/li>\n<\/ol>\n","protected":false},"excerpt":{"rendered":"","protected":false},"author":1,"featured_media":0,"parent":0,"menu_order":0,"comment_status":"closed","ping_status":"closed","template":"","meta":{"footnotes":""},"_links":{"self":[{"href":"https:\/\/centers.ulbsibiu.ro\/ccmd\/wp-json\/wp\/v2\/pages\/43"}],"collection":[{"href":"https:\/\/centers.ulbsibiu.ro\/ccmd\/wp-json\/wp\/v2\/pages"}],"about":[{"href":"https:\/\/centers.ulbsibiu.ro\/ccmd\/wp-json\/wp\/v2\/types\/page"}],"author":[{"embeddable":true,"href":"https:\/\/centers.ulbsibiu.ro\/ccmd\/wp-json\/wp\/v2\/users\/1"}],"replies":[{"embeddable":true,"href":"https:\/\/centers.ulbsibiu.ro\/ccmd\/wp-json\/wp\/v2\/comments?post=43"}],"version-history":[{"count":2,"href":"https:\/\/centers.ulbsibiu.ro\/ccmd\/wp-json\/wp\/v2\/pages\/43\/revisions"}],"predecessor-version":[{"id":70,"href":"https:\/\/centers.ulbsibiu.ro\/ccmd\/wp-json\/wp\/v2\/pages\/43\/revisions\/70"}],"wp:attachment":[{"href":"https:\/\/centers.ulbsibiu.ro\/ccmd\/wp-json\/wp\/v2\/media?parent=43"}],"curies":[{"name":"wp","href":"https:\/\/api.w.org\/{rel}","templated":true}]}}