{"id":37,"date":"2024-06-30T06:23:13","date_gmt":"2024-06-30T06:23:13","guid":{"rendered":"https:\/\/centers.ulbsibiu.ro\/ccmd\/?page_id=37"},"modified":"2024-06-30T07:25:24","modified_gmt":"2024-06-30T07:25:24","slug":"echipa-noastra","status":"publish","type":"page","link":"https:\/\/centers.ulbsibiu.ro\/ccmd\/echipa-noastra\/","title":{"rendered":"Echipa noastr\u0103"},"content":{"rendered":"\n<p class=\"has-large-font-size\">Prof. Dr. Iona\u0219 Mona,<\/p>\n\n\n\n<p class=\"has-large-font-size\">Conf. Bo\u021ba Gabriela,<\/p>\n\n\n\n<p class=\"has-large-font-size\">Conf. Fratil\u0103 Anca,<\/p>\n\n\n\n<p class=\"has-large-font-size\">Conf. \u0218tef Laura<\/p>\n\n\n\n<p class=\"has-large-font-size\">Conf. \u0218te\u021biu Andreea<\/p>\n\n\n\n<p class=\"has-large-font-size\">S. L. Cristian Alina<\/p>\n\n\n\n<p class=\"has-large-font-size\">S.L. Dham Cristina<\/p>\n\n\n\n<p class=\"has-large-font-size\">S. L. S\u0103celeanu Adriana<\/p>\n\n\n\n<p class=\"has-large-font-size\">Asist. Univ. St\u0103nil\u0103 Albertina<\/p>\n","protected":false},"excerpt":{"rendered":"<p>Prof. Dr. Iona\u0219 Mona, Conf. Bo\u021ba Gabriela, Conf. Fratil\u0103 Anca, Conf. \u0218tef Laura Conf. \u0218te\u021biu Andreea S. L. Cristian Alina S.L. Dham Cristina S. L. S\u0103celeanu Adriana Asist. Univ. St\u0103nil\u0103 Albertina<\/p>\n","protected":false},"author":1,"featured_media":0,"parent":0,"menu_order":0,"comment_status":"closed","ping_status":"closed","template":"","meta":{"footnotes":""},"_links":{"self":[{"href":"https:\/\/centers.ulbsibiu.ro\/ccmd\/wp-json\/wp\/v2\/pages\/37"}],"collection":[{"href":"https:\/\/centers.ulbsibiu.ro\/ccmd\/wp-json\/wp\/v2\/pages"}],"about":[{"href":"https:\/\/centers.ulbsibiu.ro\/ccmd\/wp-json\/wp\/v2\/types\/page"}],"author":[{"embeddable":true,"href":"https:\/\/centers.ulbsibiu.ro\/ccmd\/wp-json\/wp\/v2\/users\/1"}],"replies":[{"embeddable":true,"href":"https:\/\/centers.ulbsibiu.ro\/ccmd\/wp-json\/wp\/v2\/comments?post=37"}],"version-history":[{"count":2,"href":"https:\/\/centers.ulbsibiu.ro\/ccmd\/wp-json\/wp\/v2\/pages\/37\/revisions"}],"predecessor-version":[{"id":54,"href":"https:\/\/centers.ulbsibiu.ro\/ccmd\/wp-json\/wp\/v2\/pages\/37\/revisions\/54"}],"wp:attachment":[{"href":"https:\/\/centers.ulbsibiu.ro\/ccmd\/wp-json\/wp\/v2\/media?parent=37"}],"curies":[{"name":"wp","href":"https:\/\/api.w.org\/{rel}","templated":true}]}}