{"id":22,"date":"2024-05-02T17:48:16","date_gmt":"2024-05-02T17:48:16","guid":{"rendered":"https:\/\/centers.ulbsibiu.ro\/ccmd\/?page_id=22"},"modified":"2025-12-13T09:34:13","modified_gmt":"2025-12-13T09:34:13","slug":"centrul-de-cercetare-in-medicina-dentara","status":"publish","type":"page","link":"https:\/\/centers.ulbsibiu.ro\/ccmd\/","title":{"rendered":"Centrul de Cercetare in Medicina Dentara"},"content":{"rendered":"\n<div class=\"wp-block-group alignfull has-global-padding is-layout-constrained wp-block-group-is-layout-constrained\" style=\"padding-top:var(--wp--preset--spacing--50);padding-right:var(--wp--preset--spacing--50);padding-bottom:var(--wp--preset--spacing--50);padding-left:var(--wp--preset--spacing--50)\">\n<div class=\"wp-block-group has-global-padding is-layout-constrained wp-container-core-group-layout-1 wp-block-group-is-layout-constrained\">\n<blockquote class=\"wp-block-quote\">\n<h1 class=\"wp-block-heading has-text-align-center has-x-large-font-size\"><a href=\"https:\/\/en.wikipedia.org\/wiki\/E_pluribus_unum\" data-type=\"link\" data-id=\"https:\/\/en.wikipedia.org\/wiki\/E_pluribus_unum\">&#8220;E pluribus unum&#8221;<\/a><\/h1>\n<\/blockquote>\n\n\n\n<div style=\"height:1.25rem\" aria-hidden=\"true\" class=\"wp-block-spacer\"><\/div>\n\n\n\n<p class=\"has-text-align-center\">Centrul de Cercetare \u00een Medicina Dentar\u0103 faciliteaz\u0103 programele de cercetare din domeniul stomatologiei din cadrul ULB Sibiu \u0219i interactiunile cu alte institu\u021bii<\/p>\n\n\n\n<div style=\"height:1.25rem\" aria-hidden=\"true\" class=\"wp-block-spacer\"><\/div>\n\n\n\n<div class=\"wp-block-buttons is-content-justification-center is-layout-flex wp-container-core-buttons-layout-1 wp-block-buttons-is-layout-flex\">\n<div class=\"wp-block-button\"><a class=\"wp-block-button__link wp-element-button\" href=\"https:\/\/centers.ulbsibiu.ro\/ccmd\/sample-page\/\">Contact<\/a><\/div>\n<\/div>\n<\/div>\n\n\n\n<div style=\"height:var(--wp--preset--spacing--30)\" aria-hidden=\"true\" class=\"wp-block-spacer\"><\/div>\n\n\n\n<figure class=\"wp-block-image alignwide size-full is-style-rounded\"><img loading=\"lazy\" decoding=\"async\" width=\"1140\" height=\"615\" src=\"https:\/\/centers.ulbsibiu.ro\/ccmd\/wp-content\/uploads\/Screenshot-2024-05-02-211959.png\" alt=\"\" class=\"wp-image-25\" srcset=\"https:\/\/centers.ulbsibiu.ro\/ccmd\/wp-content\/uploads\/Screenshot-2024-05-02-211959.png 1140w, https:\/\/centers.ulbsibiu.ro\/ccmd\/wp-content\/uploads\/Screenshot-2024-05-02-211959-300x162.png 300w, https:\/\/centers.ulbsibiu.ro\/ccmd\/wp-content\/uploads\/Screenshot-2024-05-02-211959-1024x552.png 1024w, https:\/\/centers.ulbsibiu.ro\/ccmd\/wp-content\/uploads\/Screenshot-2024-05-02-211959-768x414.png 768w\" sizes=\"(max-width: 1140px) 100vw, 1140px\" \/><\/figure>\n<\/div>\n\n\n\n<div class=\"wp-block-group alignfull has-base-2-background-color has-background has-global-padding is-layout-constrained wp-block-group-is-layout-constrained\" style=\"margin-top:0;margin-bottom:0;padding-top:var(--wp--preset--spacing--50);padding-right:var(--wp--preset--spacing--50);padding-bottom:var(--wp--preset--spacing--50);padding-left:var(--wp--preset--spacing--50)\">\n<div class=\"wp-block-group is-vertical is-content-justification-center is-layout-flex wp-container-core-group-layout-3 wp-block-group-is-layout-flex\">\n<h2 class=\"wp-block-heading has-text-align-center is-style-asterisk\">Misiunea noastra<\/h2>\n\n\n\n<div style=\"height:0px\" aria-hidden=\"true\" class=\"wp-block-spacer wp-container-content-1\"><\/div>\n\n\n\n<p class=\"has-text-align-center\">Largirea ariei cunoasterii in medicina dentara si formarea de noi cercetatori.<\/p>\n<\/div>\n\n\n\n<div style=\"margin-top:0;margin-bottom:0;height:var(--wp--preset--spacing--40)\" aria-hidden=\"true\" class=\"wp-block-spacer\"><\/div>\n\n\n\n<div class=\"wp-block-columns alignwide is-layout-flex wp-container-core-columns-layout-1 wp-block-columns-is-layout-flex\">\n<div class=\"wp-block-column is-layout-flow wp-container-core-column-layout-1 wp-block-column-is-layout-flow\">\n<h3 class=\"wp-block-heading has-text-align-left is-style-asterisk has-body-font-family has-medium-font-size\" style=\"font-style:normal;font-weight:600\">Viziunea<\/h3>\n\n\n\n<div class=\"wp-block-group has-global-padding is-layout-constrained wp-block-group-is-layout-constrained\">\n<p>Sa construim echipe<br>\u015ftiin\u0163ifice care pot realiza o colaborare multidisciplinar\u0103 capabile a crea abord\u0103ri noi in cercetare.<\/p>\n<\/div>\n<\/div>\n\n\n\n<div class=\"wp-block-column is-layout-flow wp-container-core-column-layout-2 wp-block-column-is-layout-flow\">\n<h3 class=\"wp-block-heading has-text-align-left is-style-asterisk has-body-font-family has-medium-font-size\" style=\"font-style:normal;font-weight:600\"><a href=\"https:\/\/centers.ulbsibiu.ro\/ccmd\/organizare-institutionala\/\" data-type=\"link\" data-id=\"https:\/\/centers.ulbsibiu.ro\/ccmd\/organizare-institutionala\/\">Sustinere institutionala<\/a><\/h3>\n\n\n\n<div class=\"wp-block-group has-global-padding is-layout-constrained wp-block-group-is-layout-constrained\">\n<p class=\"has-text-align-left\">Universitatea Lucian Blaga din Sibiu ofera suportul administrativ si legal pentru organizarea cercetarii.<\/p>\n<\/div>\n<\/div>\n\n\n\n<div class=\"wp-block-column is-layout-flow wp-container-core-column-layout-3 wp-block-column-is-layout-flow\">\n<h3 class=\"wp-block-heading has-text-align-left is-style-asterisk has-body-font-family has-medium-font-size\" style=\"font-style:normal;font-weight:600\">Educatie<\/h3>\n\n\n\n<p class=\"has-text-align-left\">Membrii centrului sunt implicati activ in formarea profesionala a medicilor si cercetatorilor.<\/p>\n<\/div>\n<\/div>\n\n\n\n<div style=\"height:var(--wp--preset--spacing--20)\" aria-hidden=\"true\" class=\"wp-block-spacer\"><\/div>\n\n\n\n<div class=\"wp-block-columns alignwide is-layout-flex wp-container-core-columns-layout-2 wp-block-columns-is-layout-flex\">\n<div class=\"wp-block-column is-layout-flow wp-container-core-column-layout-4 wp-block-column-is-layout-flow\">\n<h3 class=\"wp-block-heading has-text-align-left is-style-asterisk has-body-font-family has-medium-font-size\" style=\"font-style:normal;font-weight:600\"><a href=\"https:\/\/centers.ulbsibiu.ro\/ccmd\/domenii-de-cercetare\/\" data-type=\"link\" data-id=\"https:\/\/centers.ulbsibiu.ro\/ccmd\/domenii-de-cercetare\/\">Domenii de cercetare<\/a><\/h3>\n\n\n\n<p class=\"has-text-align-left\">Medicina Dentara.<\/p>\n\n\n\n<p>Tehnica Dentara<\/p>\n<\/div>\n\n\n\n<div class=\"wp-block-column is-layout-flow wp-container-core-column-layout-5 wp-block-column-is-layout-flow\">\n<h3 class=\"wp-block-heading has-text-align-left is-style-asterisk has-body-font-family has-medium-font-size\" style=\"font-style:normal;font-weight:600\"><a href=\"https:\/\/centers.ulbsibiu.ro\/ccmd\/activitate-stiintifica\/\" data-type=\"link\" data-id=\"https:\/\/centers.ulbsibiu.ro\/ccmd\/activitate-stiintifica\/\">Ce speram sa obtinem<\/a><\/h3>\n\n\n\n<p class=\"has-text-align-left\">Schimbarea paradigmelor din medicina dentara odata cu introducerea tehnologiilor revolutionare.<\/p>\n<\/div>\n\n\n\n<div class=\"wp-block-column is-layout-flow wp-container-core-column-layout-6 wp-block-column-is-layout-flow\">\n<h3 class=\"wp-block-heading has-text-align-left is-style-asterisk has-body-font-family has-medium-font-size\" style=\"font-style:normal;font-weight:600\"><a href=\"https:\/\/centers.ulbsibiu.ro\/ccmd\/organizarea-centrului\/\" data-type=\"link\" data-id=\"https:\/\/centers.ulbsibiu.ro\/ccmd\/organizarea-centrului\/\">Cine suntem<\/a><\/h3>\n\n\n\n<p class=\"has-text-align-left\"><a href=\"https:\/\/centers.ulbsibiu.ro\/ccmd\/echipa-noastra\/\" data-type=\"link\" data-id=\"https:\/\/centers.ulbsibiu.ro\/ccmd\/echipa-noastra\/\">Membrii Centrului de Cercetare in Medicina Dentara sunt cadre universitare de la Departamentul de Medicina Dentara al Facultatii de Medicina.<\/a><\/p>\n<\/div>\n<\/div>\n<\/div>\n","protected":false},"excerpt":{"rendered":"<p>&#8220;E pluribus unum&#8221; Centrul de Cercetare \u00een Medicina Dentar\u0103 faciliteaz\u0103 programele de cercetare din domeniul stomatologiei din cadrul ULB Sibiu \u0219i interactiunile cu alte institu\u021bii Misiunea noastra Largirea ariei cunoasterii in medicina dentara si formarea de noi cercetatori. Viziunea Sa construim echipe\u015ftiin\u0163ifice care pot realiza o colaborare multidisciplinar\u0103 capabile a crea abord\u0103ri noi in cercetare. [&hellip;]<\/p>\n","protected":false},"author":1,"featured_media":0,"parent":0,"menu_order":0,"comment_status":"closed","ping_status":"closed","template":"","meta":{"footnotes":"[]"},"_links":{"self":[{"href":"https:\/\/centers.ulbsibiu.ro\/ccmd\/wp-json\/wp\/v2\/pages\/22"}],"collection":[{"href":"https:\/\/centers.ulbsibiu.ro\/ccmd\/wp-json\/wp\/v2\/pages"}],"about":[{"href":"https:\/\/centers.ulbsibiu.ro\/ccmd\/wp-json\/wp\/v2\/types\/page"}],"author":[{"embeddable":true,"href":"https:\/\/centers.ulbsibiu.ro\/ccmd\/wp-json\/wp\/v2\/users\/1"}],"replies":[{"embeddable":true,"href":"https:\/\/centers.ulbsibiu.ro\/ccmd\/wp-json\/wp\/v2\/comments?post=22"}],"version-history":[{"count":10,"href":"https:\/\/centers.ulbsibiu.ro\/ccmd\/wp-json\/wp\/v2\/pages\/22\/revisions"}],"predecessor-version":[{"id":80,"href":"https:\/\/centers.ulbsibiu.ro\/ccmd\/wp-json\/wp\/v2\/pages\/22\/revisions\/80"}],"wp:attachment":[{"href":"https:\/\/centers.ulbsibiu.ro\/ccmd\/wp-json\/wp\/v2\/media?parent=22"}],"curies":[{"name":"wp","href":"https:\/\/api.w.org\/{rel}","templated":true}]}}