{"id":2,"date":"2024-03-04T08:00:38","date_gmt":"2024-03-04T08:00:38","guid":{"rendered":"https:\/\/centers.ulbsibiu.ro\/ccmd\/?page_id=2"},"modified":"2024-05-02T18:50:29","modified_gmt":"2024-05-02T18:50:29","slug":"sample-page","status":"publish","type":"page","link":"https:\/\/centers.ulbsibiu.ro\/ccmd\/sample-page\/","title":{"rendered":"Contact"},"content":{"rendered":"\n<p>Am dorit s\u0103 creem o comunitate de cercetare \u00een medicina dentar\u0103 care s\u0103 aib\u0103 o abordare  multidisciplinar\u0103, cu oameni cu experient\u0103 \u0219i tineri entuzia\u0219ti. Centrul dore\u0219te sa ofere o baz\u0103 institu\u021bional\u0103 programelor de cercetare ini\u021biate de membrii lui dar \u0219i de colaboratori externi.<\/p>\n\n\n\n<p>Directorul centrului:<\/p>\n\n\n\n<p><strong> Prof. dr. Mona Ionas<\/strong><\/p>\n\n\n\n<p>Contact: centru.ccmd@ulbsibiu.ro<\/p>\n\n\n\n<p>Telefon: +40-(269) 21.23.20, +40-(269) 23.49.06<br>Fax: +40-(269) 21.23.20<br>Web: <a href=\"https:\/\/centers.ulbsibiu.ro\/ccmd\/\">https:\/\/centers.ulbsibiu.ro\/ccmd\/<\/a><br>Adresa: Str. Lucian Blaga, Nr.2A, Sibiu, 550169, Rom\u00e2nia<\/p>\n","protected":false},"excerpt":{"rendered":"<p>Am dorit s\u0103 creem o comunitate de cercetare \u00een medicina dentar\u0103 care s\u0103 aib\u0103 o abordare multidisciplinar\u0103, cu oameni cu experient\u0103 \u0219i tineri entuzia\u0219ti. Centrul dore\u0219te sa ofere o baz\u0103 institu\u021bional\u0103 programelor de cercetare ini\u021biate de membrii lui dar \u0219i de colaboratori externi. Directorul centrului: Prof. dr. Mona Ionas Contact: centru.ccmd@ulbsibiu.ro Telefon: +40-(269) 21.23.20, +40-(269) [&hellip;]<\/p>\n","protected":false},"author":1,"featured_media":0,"parent":0,"menu_order":0,"comment_status":"closed","ping_status":"open","template":"","meta":{"footnotes":""},"_links":{"self":[{"href":"https:\/\/centers.ulbsibiu.ro\/ccmd\/wp-json\/wp\/v2\/pages\/2"}],"collection":[{"href":"https:\/\/centers.ulbsibiu.ro\/ccmd\/wp-json\/wp\/v2\/pages"}],"about":[{"href":"https:\/\/centers.ulbsibiu.ro\/ccmd\/wp-json\/wp\/v2\/types\/page"}],"author":[{"embeddable":true,"href":"https:\/\/centers.ulbsibiu.ro\/ccmd\/wp-json\/wp\/v2\/users\/1"}],"replies":[{"embeddable":true,"href":"https:\/\/centers.ulbsibiu.ro\/ccmd\/wp-json\/wp\/v2\/comments?post=2"}],"version-history":[{"count":3,"href":"https:\/\/centers.ulbsibiu.ro\/ccmd\/wp-json\/wp\/v2\/pages\/2\/revisions"}],"predecessor-version":[{"id":33,"href":"https:\/\/centers.ulbsibiu.ro\/ccmd\/wp-json\/wp\/v2\/pages\/2\/revisions\/33"}],"wp:attachment":[{"href":"https:\/\/centers.ulbsibiu.ro\/ccmd\/wp-json\/wp\/v2\/media?parent=2"}],"curies":[{"name":"wp","href":"https:\/\/api.w.org\/{rel}","templated":true}]}}