{"id":396,"date":"2025-07-13T14:06:02","date_gmt":"2025-07-13T12:06:02","guid":{"rendered":"https:\/\/centers.ulbsibiu.ro\/acaps\/?page_id=396"},"modified":"2025-07-13T14:06:03","modified_gmt":"2025-07-13T12:06:03","slug":"infrastructura-nationala-de-comunicare-cuantica-a-romaniei-ronaqci","status":"publish","type":"page","link":"https:\/\/centers.ulbsibiu.ro\/acaps\/infrastructura-nationala-de-comunicare-cuantica-a-romaniei-ronaqci\/","title":{"rendered":"Infrastructura na\u021bional\u0103 de comunicare cuantic\u0103 a Rom\u00e2niei &#8211; RoNaQCI"},"content":{"rendered":"<div ><style id=\"sp_tab_dynamic_style382\">#sp-tabpro-wrapper_382.sp-tab__lay-default .sp-tab__tab-content {width: 100%;}#sp-tabpro-wrapper_382 .animated {-webkit-animation-duration: 500ms;animation-duration: 500ms;}#sp-wp-tabs-wrapper_382 .sp-tab__nav {justify-content: start;}#sp-wp-tabs-wrapper_382.sp-tab__lay-default.sp-tab__horizontal-bottom {display: flex;flex-direction: column-reverse;}#sp-wp-tabs-wrapper_382.sp-tab__lay-default.sp-tab__horizontal-bottom > ul {border-top: 1px solid #cccccc;border-bottom: 0;margin-top: 0;}#sp-wp-tabs-wrapper_382.sp-tab__lay-default.sp-tab__horizontal-bottom > ul > li label.sp-tab__active {border-color: transparent #cccccc#cccccc;margin-top: -1px;}#sp-wp-tabs-wrapper_382.sp-tab__lay-default.sp-tab__horizontal-bottom > ul > li label,#sp-wp-tabs-wrapper_382.sp-tab__lay-default.sp-tab__horizontal-bottom > ul > li a,#sp-wp-tabs-wrapper_382.sp-tab__lay-default.sp-tab__horizontal-bottom > ul > .sp-tab__nav-item {border-top: 0;border-top-left-radius: 0;border-top-right-radius: 0;border-bottom-left-radius: 2px;border-bottom-right-radius: 2px;}#sp-wp-tabs-wrapper_382.sp-tab__lay-default.sp-tab__horizontal-bottom > ul {border-bottom: none;}#sp-wp-tabs-wrapper_382.sp-tab__lay-default.sp-tab__horizontal-bottom .sp-tab__tab-content .sp-tab__tab-pane {border-top: 1px solid #cccccc;border-bottom: 0;}#sp-wp-tabs-wrapper_382.sp-tab__lay-default .sp-tab__tab-content .sp-tab-content > ul,#sp-wp-tabs-wrapper_382.sp-tab__lay-default .sp-tab__tab-content .sp-tab-content > ol {border-bottom: none;}#sp-wp-tabs-wrapper_382 > .sp-tab__nav-tabs .sp-tab__nav-link.sp-tab__active .sp-tab__tab_title,#sp-wp-tabs-wrapper_382.sp-tab__lay-default label > .sp-tab__card-header {color: #444;}#sp-wp-tabs-wrapper_382 > .sp-tab__nav-tabs > .sp-tab__nav-item.show .sp-tab__nav-link,#sp-wp-tabs-wrapper_382 > .sp-tab__nav-tabs > .sp-tab__nav-item .sp-tab__nav-link.sp-tab__active,#sp-wp-tabs-wrapper_382.sp-tab__lay-default label > .sp-tab__card-header {background-color: #fff;}#sp-wp-tabs-wrapper_382 .sp-tab__nav-tabs .sp-tab__nav-item.show .sp-tab__nav-link,#sp-wp-tabs-wrapper_382.sp-tab__lay-default ul li label.sp-tab__active {border-color: #cccccc#cccccc transparent;}#sp-wp-tabs-wrapper_382.sp-tab__lay-default > ul > li > label,#sp-wp-tabs-wrapper_382.sp-tab__lay-default > ul > li > a {cursor: pointer;border-color: #cccccc;padding-top: 15px;padding-right: 15px;padding-bottom: 15px;padding-left: 15px;}#sp-wp-tabs-wrapper_382 > .sp-tab__nav-tabs .sp-tab__nav-link {border: 1px solid #cccccc;height: 100%;}#sp-wp-tabs-wrapper_382.sp-tab__lay-default > ul > li label,#sp-wp-tabs-wrapper_382.sp-tab__lay-default > ul > li a,#sp-wp-tabs-wrapper_382.sp-tab__lay-default > ul > .sp-tab__nav-item {border-top-left-radius: 2px;border-top-right-radius: 2px;}#sp-wp-tabs-wrapper_382 .sp-tab__nav-tabs .sp-tab__nav-item {margin-bottom: -1px; }#sp-wp-tabs-wrapper_382.sp-tab__lay-default > ul .sp-tab__nav-item,#sp-wp-tabs-wrapper_382.sp-tab__lay-default label.collapsed > .sp-tab__card-header {background-color: #eee;}#sp-wp-tabs-wrapper_382.sp-tab__lay-default > ul .sp-tab__nav-item {margin-right: 10px;margin-top: 5px;}#sp-wp-tabs-wrapper_382.sp-tab__lay-default > ul .sp-tab__nav-item label:hover .sp-tab__tab_title,#sp-wp-tabs-wrapper_382.sp-tab__lay-default > ul .sp-tab__nav-item a:hover .sp-tab__tab_title,#sp-wp-tabs-wrapper_382.sp-tab__lay-default label.collapsed .sp-tab__card-header:hover {color: #444;transition: .3s;}#sp-wp-tabs-wrapper_382.sp-tab__lay-default > ul .sp-tab__nav-item:hover,#sp-wp-tabs-wrapper_382.sp-tab__lay-default label.collapsed > .sp-tab__card-header:hover {background-color: #fff;}#sp-wp-tabs-wrapper_382.sp-tab__lay-default > ul .sp-tab__nav-item:last-child {margin-right: 0;}#sp-wp-tabs-wrapper_382.sp-tab__lay-default > .sp-tab__tab-content .sp-tab__tab-pane {border: 1px solid #cccccc;padding-top: 20px;padding-right: 20px;padding-bottom: 20px;padding-left: 20px;border-top: 0px;background-color: #ffffff;}#sp-wp-tabs-wrapper_382.sp-tab__lay-default > ul {border-bottom: 1px solid #cccccc;}@media(max-width:480px) {#sp-wp-tabs-wrapper_382.sp-tab__lay-default > ul li.sp-tab__nav-item {width: 100%;margin-right: 0px;}#sp-wp-tabs-wrapper_382.sp-tab__lay-default > ul li.sp-tab__nav-item:last-child {margin-bottom: -1px;}}#poststuff h2.sp-tab__section_title_382, h2.sp-tab__section_title_382 ,.editor-styles-wrapper .wp-block h2.sp-tab__section_title_382{margin-bottom: 30px !important;font-weight: 600;font-style: normal;font-size: 28px;line-height: 28px;letter-spacing: 0px;padding: 0;color: #444444;}#sp-wp-tabs-wrapper_382.sp-tab__lay-default > ul .sp-tab__nav-item .sp-tab__tab_title,#sp-wp-tabs-wrapper_382.sp-tab__lay-default label > .sp-tab__card-header {font-weight: 600;font-style: normal;font-size: 16px;line-height: 22px;letter-spacing: 0px;color: #444;margin: 0px;}#sp-wp-tabs-wrapper_382.sp-tab__lay-default > .sp-tab__tab-content .sp-tab__tab-pane {font-weight: 400;font-style: normal;font-size: 16px;line-height: 24px;letter-spacing: 0px;color: #444;}#sp-wp-tabs-wrapper_382.sp-tab__lay-default > .sp-tab__tab-content .sp-tab__tab-pane ul li a, #sp-wp-tabs-wrapper_382.sp-tab__lay-default .sp-tab__tab-content .sp-tab__tab-pane ol li a {color: #444;}<\/style>\t<h2 class=\"sp-tab__section_title_382\"> Project Information<\/h2>\n\t\t\t<div id=\"sp-wp-tabs-wrapper_382\" class=\"sp-tab__lay-default\" data-preloader=\"1\" data-activemode=\"tabs-activator-event-click\">\n\t\t\t<div class=\"sp-tab__preloader\">\n\t\t<div class=\"sp-tab__spinner\">\n\t\t\t<div class=\"rect1\"><\/div>\n\t\t\t<div class=\"rect2\"><\/div>\n\t\t\t<div class=\"rect3\"><\/div>\n\t\t\t<div class=\"rect4\"><\/div>\n\t\t\t<div class=\"rect5\"><\/div>\n\t\t<\/div>\n\t<\/div>\n\t<ul class=\"sp-tab__nav sp-tab__nav-tabs\" id=\"sp-tab__ul\" role=\"tablist\">\n\t\t\t\t<li class=\"sp-tab__nav-item\" role=\"tab\">\n\t\t\t\t<label class=\"sp-tab__nav-link sp-tab__active\" data-sptoggle=\"tab\" for=\"#tab-3821\" role=\"tab\" aria-controls=tab-3821 aria-selected=true tabindex=0>\n\t\t\t\t\t<span class=\"tab_title_area\"><H4 class=\"sp-tab__tab_title\">Description<\/H4><\/span>\n\t\t\t\t<\/label>\n\t\t\t<\/li>\n\t\t\t\t\t\t<li class=\"sp-tab__nav-item\" role=\"tab\">\n\t\t\t\t<label class=\"sp-tab__nav-link\" data-sptoggle=\"tab\" for=\"#tab-3822\" role=\"tab\" aria-controls=tab-3822 aria-selected=true tabindex=0>\n\t\t\t\t\t<span class=\"tab_title_area\"><H4 class=\"sp-tab__tab_title\">Results<\/H4><\/span>\n\t\t\t\t<\/label>\n\t\t\t<\/li>\n\t\t\t\t\t\t<li class=\"sp-tab__nav-item\" role=\"tab\">\n\t\t\t\t<label class=\"sp-tab__nav-link\" data-sptoggle=\"tab\" for=\"#tab-3823\" role=\"tab\" aria-controls=tab-3823 aria-selected=true tabindex=0>\n\t\t\t\t\t<span class=\"tab_title_area\"><H4 class=\"sp-tab__tab_title\">Team<\/H4><\/span>\n\t\t\t\t<\/label>\n\t\t\t<\/li>\n\t\t\t<\/ul>\n<div class=\"sp-tab__tab-content\">\n\t\t\t\t<div id=\"tab-3821\" class=\"sp-tab__tab-pane sp-tab__show sp-tab__active\" role=\"tabpanel\">\n\t\t\t\t\t<div class=\"sp-tab-content animated fadeIn\"><p data-start=\"269\" data-end=\"657\"><strong data-start=\"355\" data-end=\"381\">Implementation period:<\/strong> January 2023 \u2013 December 2025<br data-start=\"410\" data-end=\"413\" \/><strong data-start=\"413\" data-end=\"427\">Objective:<\/strong> To establish a national quantum communication infrastructure in Romania that aligns with the European Quantum Communication Infrastructure (EuroQCI) initiative, enhancing cybersecurity through quantum technologies.<br data-start=\"642\" data-end=\"645\" \/><strong data-start=\"645\" data-end=\"655\">Goals:<\/strong><\/p>\n<ul data-start=\"658\" data-end=\"923\">\n<li data-start=\"658\" data-end=\"719\">\n<p data-start=\"660\" data-end=\"719\">Develop a secure national quantum communication backbone;<\/p>\n<\/li>\n<li data-start=\"720\" data-end=\"799\">\n<p data-start=\"722\" data-end=\"799\">Connect research institutions, government agencies, and strategic partners;<\/p>\n<\/li>\n<li data-start=\"800\" data-end=\"863\">\n<p data-start=\"802\" data-end=\"863\">Test and validate quantum key distribution (QKD) protocols;<\/p>\n<\/li>\n<li data-start=\"864\" data-end=\"923\">\n<p data-start=\"866\" data-end=\"923\">Support Romania\u2019s integration into the EuroQCI framework.<\/p>\n<\/li>\n<\/ul>\n<\/div>\n\t\t\t\t<\/div>\n\t\t\t\t\t\t\t\t<div id=\"tab-3822\" class=\"sp-tab__tab-pane \" role=\"tabpanel\">\n\t\t\t\t\t<div class=\"sp-tab-content animated fadeIn\"><p data-start=\"269\" data-end=\"657\"><strong data-start=\"355\" data-end=\"381\">Implementation period:<\/strong> January 2023 \u2013 December 2025<br data-start=\"410\" data-end=\"413\" \/><strong data-start=\"413\" data-end=\"427\">Objective:<\/strong> To establish a national quantum communication infrastructure in Romania that aligns with the European Quantum Communication Infrastructure (EuroQCI) initiative, enhancing cybersecurity through quantum technologies.<br data-start=\"642\" data-end=\"645\" \/><strong data-start=\"645\" data-end=\"655\">Goals:<\/strong><\/p>\n<ul data-start=\"658\" data-end=\"923\">\n<li data-start=\"658\" data-end=\"719\">\n<p data-start=\"660\" data-end=\"719\">Develop a secure national quantum communication backbone;<\/p>\n<\/li>\n<li data-start=\"720\" data-end=\"799\">\n<p data-start=\"722\" data-end=\"799\">Connect research institutions, government agencies, and strategic partners;<\/p>\n<\/li>\n<li data-start=\"800\" data-end=\"863\">\n<p data-start=\"802\" data-end=\"863\">Test and validate quantum key distribution (QKD) protocols;<\/p>\n<\/li>\n<li data-start=\"864\" data-end=\"923\">\n<p data-start=\"866\" data-end=\"923\">Support Romania\u2019s integration into the EuroQCI framework.<\/p>\n<\/li>\n<\/ul>\n<\/div>\n\t\t\t\t<\/div>\n\t\t\t\t\t\t\t\t<div id=\"tab-3823\" class=\"sp-tab__tab-pane \" role=\"tabpanel\">\n\t\t\t\t\t<div class=\"sp-tab-content animated fadeIn\"><p data-start=\"233\" data-end=\"257\"><strong data-start=\"233\" data-end=\"257\">Project Team Members<\/strong><\/p>\n<ul data-start=\"259\" data-end=\"498\">\n<li data-start=\"259\" data-end=\"275\">\n<p data-start=\"261\" data-end=\"275\">Adrian Florea<\/p>\n<\/li>\n<li data-start=\"276\" data-end=\"293\">\n<p data-start=\"278\" data-end=\"293\">Remus Brad<\/p>\n<\/li>\n<li data-start=\"294\" data-end=\"313\">\n<p data-start=\"296\" data-end=\"313\">Macarie Breazu<\/p>\n<\/li>\n<li data-start=\"314\" data-end=\"335\">\n<p data-start=\"316\" data-end=\"335\">Iulian Bouleanu<\/p>\n<\/li>\n<li data-start=\"336\" data-end=\"360\">\n<p data-start=\"338\" data-end=\"360\">Raluca Brad<\/p>\n<\/li>\n<\/ul>\n<\/div>\n\t\t\t\t<\/div>\n\t\t\t\t<\/div>\n\t\t<\/div>\n\t\t<\/div>","protected":false},"excerpt":{"rendered":"","protected":false},"author":1,"featured_media":0,"parent":0,"menu_order":0,"comment_status":"closed","ping_status":"closed","template":"","meta":[],"_links":{"self":[{"href":"https:\/\/centers.ulbsibiu.ro\/acaps\/wp-json\/wp\/v2\/pages\/396"}],"collection":[{"href":"https:\/\/centers.ulbsibiu.ro\/acaps\/wp-json\/wp\/v2\/pages"}],"about":[{"href":"https:\/\/centers.ulbsibiu.ro\/acaps\/wp-json\/wp\/v2\/types\/page"}],"author":[{"embeddable":true,"href":"https:\/\/centers.ulbsibiu.ro\/acaps\/wp-json\/wp\/v2\/users\/1"}],"replies":[{"embeddable":true,"href":"https:\/\/centers.ulbsibiu.ro\/acaps\/wp-json\/wp\/v2\/comments?post=396"}],"version-history":[{"count":1,"href":"https:\/\/centers.ulbsibiu.ro\/acaps\/wp-json\/wp\/v2\/pages\/396\/revisions"}],"predecessor-version":[{"id":397,"href":"https:\/\/centers.ulbsibiu.ro\/acaps\/wp-json\/wp\/v2\/pages\/396\/revisions\/397"}],"wp:attachment":[{"href":"https:\/\/centers.ulbsibiu.ro\/acaps\/wp-json\/wp\/v2\/media?parent=396"}],"curies":[{"name":"wp","href":"https:\/\/api.w.org\/{rel}","templated":true}]}}